{"id":11,"date":"2008-02-10T20:14:17","date_gmt":"2008-02-11T01:14:17","guid":{"rendered":"http:\/\/aseibi.wordpress.com\/?page_id=11"},"modified":"2022-09-11T18:48:46","modified_gmt":"2022-09-11T23:48:46","slug":"socios-honorarios","status":"publish","type":"page","link":"https:\/\/www.aseibi.org.co\/?page_id=11","title":{"rendered":"Socios honorarios"},"content":{"rendered":"<p>En concordancia con los estatutos se han nombrado personas como socios honorarios, dada su ingerencia con la profesi\u00f3n, la realizaci\u00f3n de acciones en favor de las bibliotecas, la documentaci\u00f3n y la informaci\u00f3n, as\u00ed como la conservaci\u00f3n del patrimonio cultural, y ante todo, su alta disponibilidad para trabajar en equipo:<span style=\"color: #ffffff;\">. <\/span><\/p>\n<div>\n<ol>\n<li><strong> Doctor Jorge Valencia Jaramillo.<\/strong><\/li>\n<\/ol>\n<p>Senador de la rep\u00fablica y promotor de la ley del libro. (Ley 98 de 1993). L\u00edder de la promoci\u00f3n cultural en el pa\u00eds y declarado Socio Honorario el 23 de abril de 1993 por la Asamblea General.<\/p>\n<ol start=\"2\">\n<li><strong> Iv\u00e1n R\u00faa Ram\u00edrez<\/strong>.<\/li>\n<\/ol>\n<p>Historiador, Master en bibliotecolog\u00eda, docente en la Escuela Interamericana de Bibliotecolog\u00eda durante 14 a\u00f1os, declarado socio honorario por el entusiasmo y acogida que le brinda a la Asociaci\u00f3n en el periodo durante el cual fuera director de la Escuela Interamericana de Bibliotecolog\u00eda (1987-1992) fallece el 23 de noviembre de 1994.<\/p>\n<ol start=\"3\">\n<li><strong> Arquitecta Clemencia G\u00f3mez de Jaramillo<\/strong><\/li>\n<\/ol>\n<p>Creadora de la Fundaci\u00f3n Rat\u00f3n de Biblioteca y merecedora de reconocimientos nacionales e internacionales por su vocaci\u00f3n de servicio en pro de promoci\u00f3n y animaci\u00f3n a la lectura de la cual es una de las pioneras de Medell\u00edn y el Valle de Aburr\u00e1. Fue declarada Socia Honoraria en marzo de 1995.<\/p>\n<ol start=\"4\">\n<li><strong> Hermana Luz Misas Restrepo.<\/strong><\/li>\n<\/ol>\n<p>Autora del Libro cl\u00e1sico: \u00abLa biblioteca una aventura\u00bb publicado por la Escuela Interamericana de Bibliotecolog\u00eda donde recopila un cumulo de estrategias creativas que dan cuenta de la metodolog\u00eda con la cual oriento la educaci\u00f3n de usuarios en el Colegio la Ense\u00f1anza en Medell\u00edn desde 1967. Con la declaraci\u00f3n de Socia Honoraria se reconoce su vocaci\u00f3n de servicio como un ejemplo a seguir entre muchas de sus alumnas que luego optar\u00edan profesionalmente por la bibliotecolog\u00eda.<\/p>\n<ol start=\"5\">\n<li><strong> Comunicadora Gloria In\u00e9s Palomino Londo\u00f1o.<\/strong><\/li>\n<\/ol>\n<p>Quien ha dirigido los destinos de la Biblioteca Publica Piloto de Medell\u00edn para Am\u00e9rica Latina desde 1983, recibiendo reconocimientos nacionales y ocupando lugares destacados en la toma de decisiones entorno al desarrollo de las bibliotecas p\u00fablicas del pa\u00eds. Declarada Socia Honoraria en 1996.<\/p>\n<ol start=\"6\">\n<li><strong> Se\u00f1or Gustavo Arbel\u00e1ez Ram\u00edrez.<\/strong><\/li>\n<\/ol>\n<p>Un empresario quien ha formado un patrimonio de gran valor cultural representado en la colecci\u00f3n de autores antioque\u00f1os que han forjado la nacionalidad colombiana destac\u00e1ndose en la ciencia, la pol\u00edtica, las artes, y las letras. As\u00ed mismo a formado un museo de m\u00e1quinas impresoras y tipogr\u00e1ficas entre otros asuntos de su inter\u00e9s para la conservaci\u00f3n y el fortalecimiento de la cultura regional. Autor del \u00abCredo del impresor\u00bb quien recibe la distinci\u00f3n de Socio Honorario en agosto de 2002.<\/p>\n<ol start=\"7\">\n<li><strong> Bibliotec\u00f3loga Violeta Angulo Morales.<\/strong><\/li>\n<\/ol>\n<p>Docente de bibliotecolog\u00eda en varias escuelas de Am\u00e9rica Latina, entre ellas, la escuela interamericana de bibliotecolog\u00eda entre (1970-1972); pionera de la investigaci\u00f3n en bibliotecol\u00f3gica y asesora de la profesi\u00f3n para la OEA. De nacionalidad peruana. Recibe el reconocimiento de Socia Honoraria el 8 de abril del 2003. Fallece el 7 de octubre de 2005.<\/p>\n<ol start=\"8\">\n<li><strong> Don Delio Valencia R\u00edos.<\/strong><\/li>\n<\/ol>\n<p>Fil\u00e1ntropo y reconocido ciudadano envigade\u00f1o, pionero de la sociedad de mejoras p\u00fablicas, quien desde su gesti\u00f3n se le reconoce su inter\u00e9s por la Biblioteca Jos\u00e9 F\u00e9lix de Restrepo que en el 2005 cumpli\u00f3 50 a\u00f1os de existencia. Recibe el reconocimiento de Socio Honorario en la pasada Asamblea General Ordinaria de Socios del 5 de junio del presente a\u00f1o.<\/p>\n<ol start=\"9\">\n<li><strong> Bibliotec\u00f3loga Mariluz Isaza de Pedraza.<\/strong><\/li>\n<\/ol>\n<p>Egresada de la universidad de la Salle de la ciudad de Bogot\u00e1, quien ejerci\u00f3 la profesi\u00f3n en altos cargos en el Ministerio de Educaci\u00f3n Nacional al frente del proyecto de Escuela Nueva actualmente asesora internacional de proyectos bibliotecarios y reconocida por su autoridad en materia de bibliotecas escolares. Recibe el reconocimiento de Socia Honoraria en la pasada Asamblea General Ordinaria del 5 de junio del presente a\u00f1o.<\/p>\n<ol start=\"10\">\n<li><strong> Bibliotec\u00f3loga Marisol Floren Romero.<\/strong><\/li>\n<\/ol>\n<p>Hu\u00e9sped central de la celebraci\u00f3n central de los 50 a\u00f1os de la Escuela Interamericana de Bibliotecolog\u00eda de la Universidad de Antioquia, a prop\u00f3sito de su filiaci\u00f3n familiar con el extinto director de la Escuela Interamericana Doctor Luis Floren Lozano. Recibe el reconocimiento de Socia Honoraria en la pasada Asamblea General Ordinaria del 5 de junio del presente a\u00f1o.<\/p>\n<ol start=\"11\">\n<li><strong> Dr Juan Luis Mej\u00eda Arango<\/strong><\/li>\n<\/ol>\n<p>Rector de la Universidad EAFIT en Medell\u00edn desde el a\u00f1o 2002, cuya gesti\u00f3n, tanto p\u00fablica como privada, por la educaci\u00f3n y la cultura de la regi\u00f3n y del pa\u00eds, nos honra, que a lo largo de su trayectoria profesional, los libros y la difusi\u00f3n de nuestro pensamiento en todas las \u00e1reas del conocimiento, desde los escenarios bibliotecarios, editoriales, culturales y pol\u00edticos redundan en la aspiraci\u00f3n, ilustre por dem\u00e1s, por elevar nuestro nivel de vida en entornos culturales y patrimoniales ha sido su constante objetivo.&nbsp;&nbsp;Recibe el reconocimiento de Socio Honorario en la pasada reuni\u00f3n de Asamblea General Ordinaria del 5 de abril del 2018.<\/p>\n<\/div>\n<div><span style=\"color: #ffffff;\"><strong>. <\/strong><\/span><\/div>\n<div>\n<div style=\"text-align: center;\"><span style=\"color: #327b35;\"><strong>ASEIBI<\/strong><\/span><\/div>\n<div style=\"text-align: center;\"><span style=\"color: #327b35;\"><strong>Asociaci\u00f3n de Egresados de la Escuela Interamericana de Bibliotecolog\u00eda &#8211; Universidad de Antioquia.<\/strong><\/span><\/div>\n<div style=\"text-align: center;\"><span style=\"color: #327b35;\"><strong>Edificio TEQUENDAMA &#8211; Carrera 49 N\u00b0 52 &#8211; 61 Of.: 704<\/strong><\/span><\/div>\n<div style=\"text-align: center;\"><span style=\"color: #327b35;\"><strong>Celular: 3145353200 Medell\u00edn &#8211; Colombia &#8211; Correo: asociacion@aseibi.org.co<\/strong><\/span><\/div>\n<\/div>\n ","protected":false},"excerpt":{"rendered":"<p>En concordancia con los estatutos se han nombrado personas como socios honorarios, dada su ingerencia con la profesi\u00f3n, la realizaci\u00f3n de acciones en favor de las bibliotecas, la documentaci\u00f3n y la informaci\u00f3n, as\u00ed como la conservaci\u00f3n del patrimonio cultural, y ante todo, su alta disponibilidad para trabajar en equipo:. Doctor Jorge Valencia Jaramillo. Senador de &#8230;<\/p>\n","protected":false},"author":1,"featured_media":3280,"parent":6,"menu_order":3,"comment_status":"open","ping_status":"closed","template":"","meta":{"footnotes":""},"class_list":["post-11","page","type-page","status-publish","has-post-thumbnail","hentry"],"aioseo_notices":[],"_links":{"self":[{"href":"https:\/\/www.aseibi.org.co\/index.php?rest_route=\/wp\/v2\/pages\/11"}],"collection":[{"href":"https:\/\/www.aseibi.org.co\/index.php?rest_route=\/wp\/v2\/pages"}],"about":[{"href":"https:\/\/www.aseibi.org.co\/index.php?rest_route=\/wp\/v2\/types\/page"}],"author":[{"embeddable":true,"href":"https:\/\/www.aseibi.org.co\/index.php?rest_route=\/wp\/v2\/users\/1"}],"replies":[{"embeddable":true,"href":"https:\/\/www.aseibi.org.co\/index.php?rest_route=%2Fwp%2Fv2%2Fcomments&post=11"}],"version-history":[{"count":7,"href":"https:\/\/www.aseibi.org.co\/index.php?rest_route=\/wp\/v2\/pages\/11\/revisions"}],"predecessor-version":[{"id":3340,"href":"https:\/\/www.aseibi.org.co\/index.php?rest_route=\/wp\/v2\/pages\/11\/revisions\/3340"}],"up":[{"embeddable":true,"href":"https:\/\/www.aseibi.org.co\/index.php?rest_route=\/wp\/v2\/pages\/6"}],"wp:featuredmedia":[{"embeddable":true,"href":"https:\/\/www.aseibi.org.co\/index.php?rest_route=\/wp\/v2\/media\/3280"}],"wp:attachment":[{"href":"https:\/\/www.aseibi.org.co\/index.php?rest_route=%2Fwp%2Fv2%2Fmedia&parent=11"}],"curies":[{"name":"wp","href":"https:\/\/api.w.org\/{rel}","templated":true}]}}