{"id":1268,"date":"2015-06-08T19:28:13","date_gmt":"2015-06-09T00:28:13","guid":{"rendered":"http:\/\/www.aseibi.org.co\/?page_id=1268"},"modified":"2019-04-04T19:13:18","modified_gmt":"2019-04-05T00:13:18","slug":"distincion-premio-lui-floren-lozano-2015","status":"publish","type":"page","link":"https:\/\/www.aseibi.org.co\/?page_id=1268","title":{"rendered":"A\u00f1o 2015"},"content":{"rendered":"<p><strong>\u201cDISTINCI\u00d3N PREMIO LUIS FLOREN LOZANO 2015&#8243;<\/strong><\/p>\n<p><strong>&nbsp;<\/strong>E l jueves 07 de mayo&nbsp; de 2015, se llev\u00f3 a cabo la entrega del premio Luis Flor\u00e9n Lozano al Doctor Alejandro Uribe Tirado, en calidad de egresado de la Escuela Interamericana de Bibliotecalog\u00eda como <strong>Especialista de Gerencia de los Servicios de Informaci\u00f3n<\/strong>; el acto se realiz\u00f3 en la Biblioteca P\u00fablica Piloto.<\/p>\n<p style=\"text-align: center;\"><a href=\"http:\/\/www.aseibi.org.co\/wp-content\/uploads\/2015\/06\/Mesa-Principal-PLFL-2015.jpg\"><img loading=\"lazy\" decoding=\"async\" class=\"aligncenter\" src=\"http:\/\/www.aseibi.org.co\/wp-content\/uploads\/2015\/06\/Mesa-Principal-PLFL-2015-300x200.jpg\" alt=\"Mesa Principal PLFL2015\" width=\"300\" height=\"200\"><\/a><\/p>\n<p>Pensar en usuarios m\u00e1s y mejores informados, invitar permanentemente por medio de las redes sociales a los profesionales de la informaci\u00f3n a pensar y abanderar la Alfabetizaci\u00f3n Informacional en Colombia y Am\u00e9rica Latina ha sido el estandarte que ha hecho del doctor y docente de la E.I.B Alejandro Uribe Tirado, merecedor del reconocimiento de esta m\u00e1xima Distinci\u00f3n.<b> <\/b><\/p>\n<p><a title=\"Resoluci\u00f3n Premio 2015\" href=\"http:\/\/www.aseibi.org.co\/wp-content\/uploads\/2015\/06\/Resoluci\u00f3n-entrega-Premio-Luis-Floren-Lozano-2015.pdf \" target=\"_blank\" rel=\"noopener\">Resoluci\u00f3n entrega Premio Luis Floren Lozano 2015<\/a><\/p>\n<p><a title=\"Palabras Presidencia Premio 2015\" href=\"http:\/\/www.aseibi.org.co\/wp-content\/uploads\/2015\/06\/Discurso-de-presidencia.pdf\" target=\"_blank\" rel=\"noopener\">Palabras de la presidenta en&nbsp; Premio 2015<\/a><\/p>\n<p><a href=\"http:\/\/www.aseibi.org.co\/wp-content\/uploads\/2015\/06\/Entrega.jpg\"><img loading=\"lazy\" decoding=\"async\" src=\"http:\/\/www.aseibi.org.co\/wp-content\/uploads\/2015\/06\/Entrega-300x200.jpg\" alt=\"Entrega Premio LFL 2015\" width=\"300\" height=\"200\"><\/a><\/p>\n<dl id=\"attachment_1237\">\n<dd><\/dd>\n<dd>&nbsp; Entrega Premio Luis Floren 2015<\/dd>\n<dd>PhD en Documentaci\u00f3n Cient\u00edfica: &nbsp; Alejandro Uribe Tirado<\/dd>\n<dd><\/dd>\n<dd><\/dd>\n<\/dl>\n ","protected":false},"excerpt":{"rendered":"<p>\u201cDISTINCI\u00d3N PREMIO LUIS FLOREN LOZANO 2015&#8243; &nbsp;E l jueves 07 de mayo&nbsp; de 2015, se llev\u00f3 a cabo la entrega del premio Luis Flor\u00e9n Lozano al Doctor Alejandro Uribe Tirado, en calidad de egresado de la Escuela Interamericana de Bibliotecalog\u00eda como Especialista de Gerencia de los Servicios de Informaci\u00f3n; el acto se realiz\u00f3 en la &#8230;<\/p>\n","protected":false},"author":1,"featured_media":0,"parent":26,"menu_order":0,"comment_status":"open","ping_status":"closed","template":"","meta":{"footnotes":""},"class_list":["post-1268","page","type-page","status-publish","hentry"],"aioseo_notices":[],"_links":{"self":[{"href":"https:\/\/www.aseibi.org.co\/index.php?rest_route=\/wp\/v2\/pages\/1268"}],"collection":[{"href":"https:\/\/www.aseibi.org.co\/index.php?rest_route=\/wp\/v2\/pages"}],"about":[{"href":"https:\/\/www.aseibi.org.co\/index.php?rest_route=\/wp\/v2\/types\/page"}],"author":[{"embeddable":true,"href":"https:\/\/www.aseibi.org.co\/index.php?rest_route=\/wp\/v2\/users\/1"}],"replies":[{"embeddable":true,"href":"https:\/\/www.aseibi.org.co\/index.php?rest_route=%2Fwp%2Fv2%2Fcomments&post=1268"}],"version-history":[{"count":13,"href":"https:\/\/www.aseibi.org.co\/index.php?rest_route=\/wp\/v2\/pages\/1268\/revisions"}],"predecessor-version":[{"id":2535,"href":"https:\/\/www.aseibi.org.co\/index.php?rest_route=\/wp\/v2\/pages\/1268\/revisions\/2535"}],"up":[{"embeddable":true,"href":"https:\/\/www.aseibi.org.co\/index.php?rest_route=\/wp\/v2\/pages\/26"}],"wp:attachment":[{"href":"https:\/\/www.aseibi.org.co\/index.php?rest_route=%2Fwp%2Fv2%2Fmedia&parent=1268"}],"curies":[{"name":"wp","href":"https:\/\/api.w.org\/{rel}","templated":true}]}}