{"id":1624,"date":"2016-07-26T10:09:41","date_gmt":"2016-07-26T15:09:41","guid":{"rendered":"http:\/\/www.aseibi.org.co\/?page_id=1624"},"modified":"2022-09-11T18:47:46","modified_gmt":"2022-09-11T23:47:46","slug":"junta-directiva-2016-2018","status":"publish","type":"page","link":"https:\/\/www.aseibi.org.co\/?page_id=1624","title":{"rendered":"Junta directiva 2016-2018"},"content":{"rendered":"<figure id=\"attachment_1671\" aria-describedby=\"caption-attachment-1671\" style=\"width: 342px\" class=\"wp-caption alignleft\"><img loading=\"lazy\" decoding=\"async\" class=\" wp-image-1671\" src=\"http:\/\/www.aseibi.org.co\/wp-content\/uploads\/2016\/07\/IMG-20160730-WA0005-300x209.jpg\" alt=\"Junta Directiva saliente (2014-2016) y entrante (2016-2018) en la Asamblea General Extraordinaria.\" width=\"342\" height=\"238\" srcset=\"https:\/\/www.aseibi.org.co\/wp-content\/uploads\/2016\/07\/IMG-20160730-WA0005-300x209.jpg 300w, https:\/\/www.aseibi.org.co\/wp-content\/uploads\/2016\/07\/IMG-20160730-WA0005-768x534.jpg 768w, https:\/\/www.aseibi.org.co\/wp-content\/uploads\/2016\/07\/IMG-20160730-WA0005-1024x712.jpg 1024w, https:\/\/www.aseibi.org.co\/wp-content\/uploads\/2016\/07\/IMG-20160730-WA0005.jpg 1032w\" sizes=\"(max-width: 342px) 100vw, 342px\" \/><figcaption id=\"caption-attachment-1671\" class=\"wp-caption-text\">Junta Directiva saliente (2014-2016) y entrante (2016-2018) en la Asamblea General Extraordinaria.<\/figcaption><\/figure>\n<p style=\"text-align: justify;\">El pasado 14 de Julio del 2016 se celebr\u00f3 nuestra <strong>Asamblea General Extraordinaria<\/strong> anual, m\u00e1xima autoridad de la Asociaci\u00f3n, donde se present\u00f3 el balance general de gesti\u00f3n y el estado financiero de la Junta Directiva saliente (2014-2016); igualmente se <strong>eligi\u00f3 la nueva Junta Directiva<\/strong>.<\/p>\n<p style=\"text-align: justify;\">A continuaci\u00f3n damos a conocer los integrantes de \u00e9ste nuevo <strong>grupo de trabajo<\/strong> para los siguientes dos a\u00f1os (vigencia 2016-2018) quienes asumieron la representaci\u00f3n de la Asociaci\u00f3n.<\/p>\n<p>.<\/p>\n<!-- Content Reveal v2.3.1 -->\n<div class=\"scrhead\" onmouseover=\"document.body.style.cursor='pointer'\" onmouseout=\"document.body.style.cursor='default'\" onclick=\"acr_swap_display('id1','0','','')\">\n<script type=\"text\/javascript\">document.writeln('<img decoding=\"async\" src=\"https:\/\/www.aseibi.org.co\/wp-content\/plugins\/simple-content-reveal\/images\/image1.gif\" class=\"scrimg\" id=\"scrimg_id1\" alt=\"Reveal content\" title=\"Reveal content\"\/>');<\/script> Presidente: <strong>Claudia Mar\u00eda Giraldo Arredondo<\/strong>\n<\/div>\n<script type=\"text\/javascript\">document.writeln('<div style=\"display: none\" class=\"scrdiv\" id=\"scrdiv_id1\">');<\/script>\n\n<blockquote>\n<p style=\"text-align: justify;\">Bibliotec\u00f3loga de la Universidad de Antioquia y Licenciada en Educaci\u00f3n Est\u00e9tica de la Universidad Pontificia Bolivariana. Especialista en Gesti\u00f3n del Talento Humano con doble titulaci\u00f3n en Espa\u00f1a y Colombia en CEIPA; igualmente, es auditora interna de calidad certificada por TQC.<\/p>\n<p>Ha participado de la gestaci\u00f3n de diferentes procesos bibliotecarios en el departamento de Antioquia; principalmente en las \u00e1reas de formaci\u00f3n de usuarios, implementaci\u00f3n de proyectos de promoci\u00f3n y animaci\u00f3n de la lectura, sistema de gesti\u00f3n de la calidad y satisfacci\u00f3n de usuarios.<\/p>\n<p>Actualmente es Coordinadora de Fomento de la Lectura del departamento de bibliotecas de la Caja de Compensaci\u00f3n Familiar Comfenalco Antioquia.<\/p><\/blockquote>\n<script type=\"text\/javascript\">document.writeln('<\/div>');<\/script>\n<!-- End of Content Reveal -->\n\n<hr \/>\n<!-- Content Reveal v2.3.1 -->\n<div class=\"scrhead\" onmouseover=\"document.body.style.cursor='pointer'\" onmouseout=\"document.body.style.cursor='default'\" onclick=\"acr_swap_display('id2','0','','')\">\n<script type=\"text\/javascript\">document.writeln('<img decoding=\"async\" src=\"https:\/\/www.aseibi.org.co\/wp-content\/plugins\/simple-content-reveal\/images\/image1.gif\" class=\"scrimg\" id=\"scrimg_id2\" alt=\"Reveal content\" title=\"Reveal content\"\/>');<\/script> Vicepresidente: <strong>Carlos Marios R\u00edos Toro<\/strong>\n<\/div>\n<script type=\"text\/javascript\">document.writeln('<div style=\"display: none\" class=\"scrdiv\" id=\"scrdiv_id2\">');<\/script>\n\n<blockquote>\n<p style=\"text-align: justify;\">Bibliotec\u00f3logo de la Universidad de Antioquia con experiencia en la gestion de contratacion y proyectos en el \u00e1mbito bibliotecario; igualmente ha trabajado en la gesti\u00f3n de: Servicios de Informaci\u00f3n Local, analisis de informaci\u00f3n y formaci\u00f3n de usuarios.<\/p>\n<p>Actualmente es Analista de Negocios de la Caja de Compensaci\u00f3n Familiar Comfenalco Antioquia.<\/p><\/blockquote>\n<script type=\"text\/javascript\">document.writeln('<\/div>');<\/script>\n<!-- End of Content Reveal -->\n\n<hr \/>\n<!-- Content Reveal v2.3.1 -->\n<div class=\"scrhead\" onmouseover=\"document.body.style.cursor='pointer'\" onmouseout=\"document.body.style.cursor='default'\" onclick=\"acr_swap_display('id3','0','','')\">\n<script type=\"text\/javascript\">document.writeln('<img decoding=\"async\" src=\"https:\/\/www.aseibi.org.co\/wp-content\/plugins\/simple-content-reveal\/images\/image1.gif\" class=\"scrimg\" id=\"scrimg_id3\" alt=\"Reveal content\" title=\"Reveal content\"\/>');<\/script> Tesorera: <strong>Nube Usuga Cifuentes<\/strong>\n<\/div>\n<script type=\"text\/javascript\">document.writeln('<div style=\"display: none\" class=\"scrdiv\" id=\"scrdiv_id3\">');<\/script>\n\n<blockquote>\n<p style=\"text-align: justify;\">Bibliotec\u00f3loga de la Universidad de Antioquia. Cuenta con experiencia en la organizaci\u00f3n y tratamiento de la informaci\u00f3n: elaboraci\u00f3n de tesauros, an\u00e1lisis de contenidos con la aplicaci\u00f3n de procesos de catalogaci\u00f3n, clasificaci\u00f3n e indizaci\u00f3n de acuerdo a Sistemas de Clasificaci\u00f3n Facetado. Fue Gestora de Informaci\u00f3n, en el Plan Nacional de Lectura y Bibliotecas con la creaci\u00f3n de Servicios de Informaci\u00f3n Local en los municipios de Antioquia y en el Departamento de Risaralda con la Caja de Compensaci\u00f3n Familiar Comfamiliar.<\/p>\n<p>Actualmente es Auxiliar del Servicio de Informaci\u00f3n Local de la Biblioteca P\u00fablica H\u00e9ctor Gonz\u00e1lez Mej\u00eda de la Caja de Compensaci\u00f3n Familiar Comfenalco Antioquia.<\/p><\/blockquote>\n<script type=\"text\/javascript\">document.writeln('<\/div>');<\/script>\n<!-- End of Content Reveal -->\n\n<hr \/>\n<!-- Content Reveal v2.3.1 -->\n<div class=\"scrhead\" onmouseover=\"document.body.style.cursor='pointer'\" onmouseout=\"document.body.style.cursor='default'\" onclick=\"acr_swap_display('id4','0','','')\">\n<script type=\"text\/javascript\">document.writeln('<img decoding=\"async\" src=\"https:\/\/www.aseibi.org.co\/wp-content\/plugins\/simple-content-reveal\/images\/image1.gif\" class=\"scrimg\" id=\"scrimg_id4\" alt=\"Reveal content\" title=\"Reveal content\"\/>');<\/script> Secretario: <strong>Mart\u00edn Leonardo Rocha Rinc\u00f3n<\/strong>\n<\/div>\n<script type=\"text\/javascript\">document.writeln('<div style=\"display: none\" class=\"scrdiv\" id=\"scrdiv_id4\">');<\/script>\n\n<blockquote>\n<p style=\"text-align: justify;\">Bibliotec\u00f3logo de la Universidad de Antioquia. Cuenta con una amplia experiencia en procesos t\u00e9cnicos, servicios bibliotecarios y atenci\u00f3n al p\u00fablico.<\/p>\n<p>Actualmente es auxiliar de biblioteca de la Instituci\u00f3n Educativa Miraflores.<\/p><\/blockquote>\n<script type=\"text\/javascript\">document.writeln('<\/div>');<\/script>\n<!-- End of Content Reveal -->\n\n<hr \/>\n<!-- Content Reveal v2.3.1 -->\n<div class=\"scrhead\" onmouseover=\"document.body.style.cursor='pointer'\" onmouseout=\"document.body.style.cursor='default'\" onclick=\"acr_swap_display('id5','0','','')\">\n<script type=\"text\/javascript\">document.writeln('<img decoding=\"async\" src=\"https:\/\/www.aseibi.org.co\/wp-content\/plugins\/simple-content-reveal\/images\/image1.gif\" class=\"scrimg\" id=\"scrimg_id5\" alt=\"Reveal content\" title=\"Reveal content\"\/>');<\/script> Vocal Social y Cultural: <strong>Lina Yanet Alvarez Estrada<\/strong>\n<\/div>\n<script type=\"text\/javascript\">document.writeln('<div style=\"display: none\" class=\"scrdiv\" id=\"scrdiv_id5\">');<\/script>\n\n<blockquote>\n<p style=\"text-align: justify;\">Bibliotec\u00f3loga de la Universidad de Antioquia, especialista en Gerencia del Conocimiento de la Universidad de Medell\u00edn y mag\u00edster en Estudios de Ciencia, Tecnolog\u00eda, Sociedad e Innovaci\u00f3n en el Instituto Tecnol\u00f3gico Metropolitano. Igualmente ha sido docente de la Universidad de Antioquia y del Tecnol\u00f3gico de Antioquia.<\/p>\n<p>Actualmente es Profesional Universitaria en el Instituto Tecnol\u00f3gico Metropolitano, donde acompa\u00f1a y lidera la Gesti\u00f3n administrativa, contrataci\u00f3n p\u00fablica, Auditora del Sistema de Gesti\u00f3n de la calidad y el mantenimiento de la biblioteca digital.<\/p><\/blockquote>\n<script type=\"text\/javascript\">document.writeln('<\/div>');<\/script>\n<!-- End of Content Reveal -->\n\n<hr \/>\n<!-- Content Reveal v2.3.1 -->\n<div class=\"scrhead\" onmouseover=\"document.body.style.cursor='pointer'\" onmouseout=\"document.body.style.cursor='default'\" onclick=\"acr_swap_display('id6','0','','')\">\n<script type=\"text\/javascript\">document.writeln('<img decoding=\"async\" src=\"https:\/\/www.aseibi.org.co\/wp-content\/plugins\/simple-content-reveal\/images\/image1.gif\" class=\"scrimg\" id=\"scrimg_id6\" alt=\"Reveal content\" title=\"Reveal content\"\/>');<\/script> Vocal Acad\u00e9mico: <strong>Oveida Rojas<\/strong>\n<\/div>\n<script type=\"text\/javascript\">document.writeln('<div style=\"display: none\" class=\"scrdiv\" id=\"scrdiv_id6\">');<\/script>\n\n<blockquote><p>Archivista de la Universidad de Antioquia con experiencia profesional en la elaboraci\u00f3n e implementaci\u00f3n de Programas de Gesti\u00f3n Documental, Planes Institucionales de Archivo y seguimiento de las Tablas de Retenci\u00f3n Documental, actualmente se desempe\u00f1a como coordinadora del centro de administraci\u00f3n documental en Fabricato y docente de t\u00e9cnica en archivo en el Centro de Sistemas de Antioquia.<\/p><\/blockquote>\n<script type=\"text\/javascript\">document.writeln('<\/div>');<\/script>\n<!-- End of Content Reveal -->\n\n<hr \/>\n<!-- Content Reveal v2.3.1 -->\n<div class=\"scrhead\" onmouseover=\"document.body.style.cursor='pointer'\" onmouseout=\"document.body.style.cursor='default'\" onclick=\"acr_swap_display('id7','0','','')\">\n<script type=\"text\/javascript\">document.writeln('<img decoding=\"async\" src=\"https:\/\/www.aseibi.org.co\/wp-content\/plugins\/simple-content-reveal\/images\/image1.gif\" class=\"scrimg\" id=\"scrimg_id7\" alt=\"Reveal content\" title=\"Reveal content\"\/>');<\/script> Vocal Financiero: <strong>Carlos Alexander  P\u00e9rez Alzate<\/strong>\n<\/div>\n<script type=\"text\/javascript\">document.writeln('<div style=\"display: none\" class=\"scrdiv\" id=\"scrdiv_id7\">');<\/script>\n\n<blockquote>\n<p style=\"text-align: justify;\">Bibliotec\u00f3logo de la Universidad de Antioquia, Master en Marketing Digital y Especialista en Gesti\u00f3n de Proyectos; cuenta con experiencia laboral de 15 a\u00f1os en la Gesti\u00f3n y Administraci\u00f3n bibliotecaria. Ha participado del comit\u00e9 editorial de la Revista Signos P\u00fablicos, editada por ESAP Medell\u00edn y colaborador en la Revista La Bit\u00e1cora, la opci\u00f3n cultural, editada por la subsecretar\u00eda de Educaci\u00f3n para la Cultura, del municipio de Bello.<\/p>\n<p>Actualmente es el Bibliotec\u00f3logo del Centro de Documentaci\u00f3n del Museo Casa de la Memoria (Medell\u00edn).<\/p><\/blockquote>\n<script type=\"text\/javascript\">document.writeln('<\/div>');<\/script>\n<!-- End of Content Reveal -->\n\n<hr \/>\n<!-- Content Reveal v2.3.1 -->\n<div class=\"scrhead\" onmouseover=\"document.body.style.cursor='pointer'\" onmouseout=\"document.body.style.cursor='default'\" onclick=\"acr_swap_display('id8','0','','')\">\n<script type=\"text\/javascript\">document.writeln('<img decoding=\"async\" src=\"https:\/\/www.aseibi.org.co\/wp-content\/plugins\/simple-content-reveal\/images\/image1.gif\" class=\"scrimg\" id=\"scrimg_id8\" alt=\"Reveal content\" title=\"Reveal content\"\/>');<\/script> Vocal Comunicaciones: <strong>Ricardo Andr\u00e9s Salazar<\/strong>\n<\/div>\n<script type=\"text\/javascript\">document.writeln('<div style=\"display: none\" class=\"scrdiv\" id=\"scrdiv_id8\">');<\/script>\n\n<blockquote><p>Bibliotec\u00f3logo de la Universidad de Antioquia, l\u00edder de proyectos en tecnolog\u00eda, arquitectura de informaci\u00f3n, dise\u00f1o en ambientes web, social media, marketing digital; Administrador del portal de informaci\u00f3n Infolocal, administraci\u00f3n, gesti\u00f3n de contenidos y colecciones en servicios de informaci\u00f3n local.<\/p>\n<p>Actualmente Gestor de Informaci\u00f3n de la Caja de Compensaci\u00f3n Familiar Comfenalco Antioquia<\/p><\/blockquote>\n<script type=\"text\/javascript\">document.writeln('<\/div>');<\/script>\n<!-- End of Content Reveal -->\n\n<hr \/>\n\t\t\t\t\t\t\t<h3 style=\"margin-bottom:20px ;display:block;width:100%;margin-top:10px\">Comisiones <\/h3>\r\n\t\t\t\t\t\t\t\t<style>\r\n\t\t\t\t\r\n\t\t\t\t\t#tab_container_1630 {\r\n\toverflow:hidden;\r\n\tdisplay:block;\r\n\twidth:100%;\r\n\tborder:0px solid #ddd;\r\n\tmargin-bottom:30px;\r\n\t}\r\n\r\n#tab_container_1630 .tab-content{\r\n\tpadding:20px;\r\n\tborder: 1px solid #e6e6e6 !important;\r\n\tmargin-top: 0px;\r\n\tbackground-color:#ffffff !important;\r\n\tcolor: #000000 !important;\r\n\tfont-size:16px !important;\r\n\tfont-family: Open Sans !important;\r\n\t\r\n\t\tborder: 1px solid #e6e6e6 !important;\r\n\t}\r\n#tab_container_1630 .wpsm_nav-tabs {\r\n    border-bottom: 0px solid #ddd;\r\n}\r\n#tab_container_1630 .wpsm_nav-tabs > li.active > a, #tab_container_1630 .wpsm_nav-tabs > li.active > a:hover, #tab_container_1630 .wpsm_nav-tabs > li.active > a:focus {\r\n\tcolor: #000000 !important;\r\n\tcursor: default;\r\n\tbackground-color: #ffffff !important;\r\n\tborder: 1px solid #e6e6e6 !important;\r\n}\r\n\r\n#tab_container_1630 .wpsm_nav-tabs > li > a {\r\n    margin-right: 0px !important; \r\n    line-height: 1.42857143 !important;\r\n    border: 1px solid #d5d5d5 !important;\r\n    border-radius: 0px 0px 0 0 !important; \r\n\tbackground-color: #e8e8e8 !important;\r\n\tcolor: #000000 !important;\r\n\tpadding: 15px 18px 15px 18px !important;\r\n\ttext-decoration: none !important;\r\n\tfont-size: 14px !important;\r\n\ttext-align:center !important;\r\n\tfont-family: Open Sans !important;\r\n}\r\n#tab_container_1630 .wpsm_nav-tabs > li > a:focus {\r\noutline: 0px !important;\r\n}\r\n\r\n#tab_container_1630 .wpsm_nav-tabs > li > a:before {\r\n\tdisplay:none !important;\r\n}\r\n#tab_container_1630 .wpsm_nav-tabs > li > a:after {\r\n\tdisplay:none !important ;\r\n}\r\n#tab_container_1630 .wpsm_nav-tabs > li{\r\npadding:0px !important ;\r\nmargin:0px;\r\n}\r\n\r\n#tab_container_1630 .wpsm_nav-tabs > li > a:hover , #tab_container_1630 .wpsm_nav-tabs > li > a:focus {\r\n    color: #000000 !important;\r\n    background-color: #e8e8e8 !important;\r\n\tborder: 1px solid #d5d5d5 !important;\r\n\t\r\n}\r\n#tab_container_1630 .wpsm_nav-tabs > li > a .fa{\r\n\r\nmargin-right:5px !important;\r\n\r\nmargin-left:5px !important;\r\n\r\n\r\n}\r\n\r\n\t\t#tab_container_1630 .wpsm_nav-tabs a{\r\n\t\t\tbackground-image: none;\r\n\t\t\tbackground-position: 0 0;\r\n\t\t\tbackground-repeat: repeat-x;\r\n\t\t}\r\n\t\t\t\r\n\r\n\r\n#tab_container_1630 .wpsm_nav-tabs > li {\r\n    float: left;\r\n    margin-bottom: -1px !important;\r\n\tmargin-right:0px !important; \r\n}\r\n\r\n\r\n#tab_container_1630 .tab-content{\r\noverflow:hidden !important;\r\n}\r\n\r\n\r\n@media (min-width: 769px) {\r\n\r\n\t#tab_container_1630 .wpsm_nav-tabs > li{\r\n\t\tfloat:left !important ;\r\n\t\t\t\tmargin-right:-1px !important;\r\n\t\t\t\t\t}\r\n\t#tab_container_1630 .wpsm_nav-tabs{\r\n\t\tfloat:none !important;\r\n\t\tmargin:0px !important;\r\n\t}\r\n\r\n\t#tab_container_1630 .wpsm_nav-tabs > li {\r\n\t\t\t\t\r\n\t}\r\n\t#tab_container_1630 .wpsm_nav{\r\n\t\t\t}\r\n\r\n}\r\n\r\n\r\n\r\n@media (max-width: 768px) {\r\n\t#tab_container_1630 .wpsm_nav-tabs > li {\r\n\t\t\t\t\r\n\t}\r\n\t#tab_container_1630 .wpsm_nav{\r\n\t\t\t}\r\n}\r\n\r\n\r\n\t.wpsm_nav-tabs li:before{\r\n\t\tdisplay:none !important;\r\n\t}\r\n\r\n\t@media (max-width: 768px) {\r\n\t\t\t\t\r\n\t\t\t\t.wpsm_nav-tabs{\r\n\t\t\tmargin-left:0px !important;\r\n\t\t\tmargin-right:0px !important; \r\n\t\t\t\r\n\t\t}\r\n\t\t\t\t#tab_container_1630 .wpsm_nav-tabs > li{\r\n\t\t\tfloat:none !important;\r\n\t\t}\r\n\t\t\t\r\n\t}\t\t\t\t<\/style>\r\n\t\t\t\t<div id=\"tab_container_1630\" >\r\n\t \r\n\t\t\t\t\t<ul class=\"wpsm_nav wpsm_nav-tabs\" role=\"tablist\" id=\"myTab_1630\">\r\n\t\t\t\t\t\t\t\r\n\t\t\t\t\t\t\t<li role=\"presentation\"  class=\"active\"  onclick=\"do_resize()\">\r\n\t\t\t\t\t\t\t\t<a href=\"#tabs_desc_1630_1\" aria-controls=\"tabs_desc_1630_1\" role=\"tab\" data-toggle=\"tab\">\r\n\t\t\t\t\t\t\t\t\t\r\n\t\t\t\t\t\t\t\t\t\t\t\t\t\t\t\t\t\t\t\t\t\t\t\t\t\t\t\t\t\t\t<i class=\"fa fa-graduation-cap\"><\/i> \t\t\t\t\t\t\t\t\t\t\t\t\t\t\t\t\t\t\t\r\n\t\t\t\t\t\t\t\t\t\t\t\t\t\t\t\t\t\t\r\n\t\t\t\t\t\t\t\t\t<span>Acad\u00e9mica<\/span>\r\n\t\t\t\t\t\t\t\t\t\r\n\t\t\t\t\t\t\t\t\t\t\t\t\t\t\t\t\t\t\r\n\t\t\t\t\t\t\t\t\t\t\t\t\t\t\t\t\t\t\t\t\r\n\t\t\t\t\t\t\t\t\t\r\n\t\t\t\t\t\t\t\t<\/a>\r\n\t\t\t\t\t\t\t<\/li>\r\n\t\t\t\t\t\t\t\r\n\t\t\t\t\t\t\t<li role=\"presentation\"  onclick=\"do_resize()\">\r\n\t\t\t\t\t\t\t\t<a href=\"#tabs_desc_1630_2\" aria-controls=\"tabs_desc_1630_2\" role=\"tab\" data-toggle=\"tab\">\r\n\t\t\t\t\t\t\t\t\t\r\n\t\t\t\t\t\t\t\t\t\t\t\t\t\t\t\t\t\t\t\t\t\t\t\t\t\t\t\t\t\t\t<i class=\"fa fa-users\"><\/i> \t\t\t\t\t\t\t\t\t\t\t\t\t\t\t\t\t\t\t\r\n\t\t\t\t\t\t\t\t\t\t\t\t\t\t\t\t\t\t\r\n\t\t\t\t\t\t\t\t\t<span>Cultural y Social<\/span>\r\n\t\t\t\t\t\t\t\t\t\r\n\t\t\t\t\t\t\t\t\t\t\t\t\t\t\t\t\t\t\r\n\t\t\t\t\t\t\t\t\t\t\t\t\t\t\t\t\t\t\t\t\r\n\t\t\t\t\t\t\t\t\t\r\n\t\t\t\t\t\t\t\t<\/a>\r\n\t\t\t\t\t\t\t<\/li>\r\n\t\t\t\t\t\t\t\r\n\t\t\t\t\t\t\t<li role=\"presentation\"  onclick=\"do_resize()\">\r\n\t\t\t\t\t\t\t\t<a href=\"#tabs_desc_1630_3\" aria-controls=\"tabs_desc_1630_3\" role=\"tab\" data-toggle=\"tab\">\r\n\t\t\t\t\t\t\t\t\t\r\n\t\t\t\t\t\t\t\t\t\t\t\t\t\t\t\t\t\t\t\t\t\t\t\t\t\t\t\t\t\t\t<i class=\"fa fa-bullhorn\"><\/i> \t\t\t\t\t\t\t\t\t\t\t\t\t\t\t\t\t\t\t\r\n\t\t\t\t\t\t\t\t\t\t\t\t\t\t\t\t\t\t\r\n\t\t\t\t\t\t\t\t\t<span>Comunicaciones<\/span>\r\n\t\t\t\t\t\t\t\t\t\r\n\t\t\t\t\t\t\t\t\t\t\t\t\t\t\t\t\t\t\r\n\t\t\t\t\t\t\t\t\t\t\t\t\t\t\t\t\t\t\t\t\r\n\t\t\t\t\t\t\t\t\t\r\n\t\t\t\t\t\t\t\t<\/a>\r\n\t\t\t\t\t\t\t<\/li>\r\n\t\t\t\t\t\t\t\r\n\t\t\t\t\t\t\t<li role=\"presentation\"  onclick=\"do_resize()\">\r\n\t\t\t\t\t\t\t\t<a href=\"#tabs_desc_1630_4\" aria-controls=\"tabs_desc_1630_4\" role=\"tab\" data-toggle=\"tab\">\r\n\t\t\t\t\t\t\t\t\t\r\n\t\t\t\t\t\t\t\t\t\t\t\t\t\t\t\t\t\t\t\t\t\t\t\t\t\t\t\t\t\t\t<i class=\"fa fa-bitcoin\"><\/i> \t\t\t\t\t\t\t\t\t\t\t\t\t\t\t\t\t\t\t\r\n\t\t\t\t\t\t\t\t\t\t\t\t\t\t\t\t\t\t\r\n\t\t\t\t\t\t\t\t\t<span>Financiera<\/span>\r\n\t\t\t\t\t\t\t\t\t\r\n\t\t\t\t\t\t\t\t\t\t\t\t\t\t\t\t\t\t\r\n\t\t\t\t\t\t\t\t\t\t\t\t\t\t\t\t\t\t\t\t\r\n\t\t\t\t\t\t\t\t\t\r\n\t\t\t\t\t\t\t\t<\/a>\r\n\t\t\t\t\t\t\t<\/li>\r\n\t\t\t\t\t\t\t\t\t\t\t <\/ul>\r\n\r\n\t\t\t\t\t  <!-- Tab panes -->\r\n\t\t\t\t\t  <div class=\"tab-content\" id=\"tab-content_1630\">\r\n\t\t\t\t\t\t\t\t\t\t\t\t <div role=\"tabpanel\" class=\"tab-pane  in active \" id=\"tabs_desc_1630_1\">\r\n\t\t\t\t\t\t\t\t<ul>\r\n \t<li>Alba Mar\u00eda P\u00e9rez<\/li>\r\n \t<li>Natalia Castro<\/li>\r\n \t<li>Omar Pulgarin Espinosa<\/li>\r\n \t<li>M\u00f3nica Montoya<\/li>\r\n \t<li>Otilia Sierra<\/li>\r\n<\/ul>\t\t\t\t\t\t <\/div>\r\n\t\t\t\t\t\t\t\t\t\t\t\t <div role=\"tabpanel\" class=\"tab-pane \" id=\"tabs_desc_1630_2\">\r\n\t\t\t\t\t\t\t\t<ul>\r\n \t<li>\u00c1ngela Mar\u00eda Chica<\/li>\r\n \t<li>Luis Fernando Cadavid<\/li>\r\n<\/ul>\t\t\t\t\t\t <\/div>\r\n\t\t\t\t\t\t\t\t\t\t\t\t <div role=\"tabpanel\" class=\"tab-pane \" id=\"tabs_desc_1630_3\">\r\n\t\t\t\t\t\t\t\t<ul>\r\n \t<li>Ricardo Salazar<\/li>\r\n \t<li>Yulieth Jaramillo<\/li>\r\n \t<li>Sandra Correa<\/li>\r\n \t<li>Santiago Velasquez<\/li>\r\n \t<li>Katia Milena Arrieta<\/li>\r\n<\/ul>\t\t\t\t\t\t <\/div>\r\n\t\t\t\t\t\t\t\t\t\t\t\t <div role=\"tabpanel\" class=\"tab-pane \" id=\"tabs_desc_1630_4\">\r\n\t\t\t\t\t\t\t\t<ul>\r\n \t<li>Mary Alvarez Restrepo<\/li>\r\n \t<li>Irma Isaza Restrepo<\/li>\r\n \t<li>Amparo Gouzy Facio Lince<\/li>\r\n \t<li>Luis Carlos Raigoza<\/li>\r\n<\/ul>\t\t\t\t\t\t <\/div>\r\n\t\t\t\t\t\t\t\r\n\t\t\t\t\t <\/div>\r\n\t\t\t\t\t \r\n\t\t\t\t <\/div>\r\n <script>\r\n\t\tjQuery(function () {\r\n\t\t\tjQuery('#myTab_1630 a:first').tab('show')\r\n\t\t});\r\n\t\t\r\n\t\t\t\tjQuery(function(){\r\n\t\t\tvar b=\"fadeIn\";\r\n\t\t\tvar c;\r\n\t\t\tvar a;\r\n\t\t\td(jQuery(\"#myTab_1630 a\"),jQuery(\"#tab-content_1630\"));function d(e,f,g){\r\n\t\t\t\te.click(function(i){\r\n\t\t\t\t\ti.preventDefault();\r\n\t\t\t\t\tjQuery(this).tab(\"show\");\r\n\t\t\t\t\tvar h=jQuery(this).data(\"easein\");\r\n\t\t\t\t\tif(c){c.removeClass(a);}\r\n\t\t\t\t\tif(h){f.find(\"div.active\").addClass(\"animated \"+h);a=h;}\r\n\t\t\t\t\telse{if(g){f.find(\"div.active\").addClass(\"animated \"+g);a=g;}else{f.find(\"div.active\").addClass(\"animated \"+b);a=b;}}c=f.find(\"div.active\");\r\n\t\t\t\t});\r\n\t\t\t}\r\n\t\t});\r\n\t\t\r\n\r\n\t\tfunction do_resize(){\r\n\r\n\t\t\tvar width=jQuery( '.tab-content .tab-pane iframe' ).width();\r\n\t\t\tvar height=jQuery( '.tab-content .tab-pane iframe' ).height();\r\n\r\n\t\t\tvar toggleSize = true;\r\n\t\t\tjQuery('iframe').animate({\r\n\t\t\t    width: toggleSize ? width : 640,\r\n\t\t\t    height: toggleSize ? height : 360\r\n\t\t\t  }, 250);\r\n\r\n\t\t\t  toggleSize = !toggleSize;\r\n\t\t}\r\n\r\n\r\n\t<\/script>\r\n\t\t\t\t\r\n\t\t\t\n ","protected":false},"excerpt":{"rendered":"<p>El pasado 14 de Julio del 2016 se celebr\u00f3 nuestra Asamblea General Extraordinaria anual, m\u00e1xima autoridad de la Asociaci\u00f3n, donde se present\u00f3 el balance general de gesti\u00f3n y el estado financiero de la Junta Directiva saliente (2014-2016); igualmente se eligi\u00f3 la nueva Junta Directiva. A continuaci\u00f3n damos a conocer los integrantes de \u00e9ste nuevo grupo &#8230;<\/p>\n","protected":false},"author":1,"featured_media":3326,"parent":2112,"menu_order":3,"comment_status":"closed","ping_status":"closed","template":"","meta":{"footnotes":""},"class_list":["post-1624","page","type-page","status-publish","has-post-thumbnail","hentry"],"aioseo_notices":[],"_links":{"self":[{"href":"https:\/\/www.aseibi.org.co\/index.php?rest_route=\/wp\/v2\/pages\/1624"}],"collection":[{"href":"https:\/\/www.aseibi.org.co\/index.php?rest_route=\/wp\/v2\/pages"}],"about":[{"href":"https:\/\/www.aseibi.org.co\/index.php?rest_route=\/wp\/v2\/types\/page"}],"author":[{"embeddable":true,"href":"https:\/\/www.aseibi.org.co\/index.php?rest_route=\/wp\/v2\/users\/1"}],"replies":[{"embeddable":true,"href":"https:\/\/www.aseibi.org.co\/index.php?rest_route=%2Fwp%2Fv2%2Fcomments&post=1624"}],"version-history":[{"count":52,"href":"https:\/\/www.aseibi.org.co\/index.php?rest_route=\/wp\/v2\/pages\/1624\/revisions"}],"predecessor-version":[{"id":3338,"href":"https:\/\/www.aseibi.org.co\/index.php?rest_route=\/wp\/v2\/pages\/1624\/revisions\/3338"}],"up":[{"embeddable":true,"href":"https:\/\/www.aseibi.org.co\/index.php?rest_route=\/wp\/v2\/pages\/2112"}],"wp:featuredmedia":[{"embeddable":true,"href":"https:\/\/www.aseibi.org.co\/index.php?rest_route=\/wp\/v2\/media\/3326"}],"wp:attachment":[{"href":"https:\/\/www.aseibi.org.co\/index.php?rest_route=%2Fwp%2Fv2%2Fmedia&parent=1624"}],"curies":[{"name":"wp","href":"https:\/\/api.w.org\/{rel}","templated":true}]}}