{"id":2115,"date":"2018-04-28T10:29:15","date_gmt":"2018-04-28T15:29:15","guid":{"rendered":"http:\/\/www.aseibi.org.co\/?page_id=2115"},"modified":"2022-09-11T18:45:33","modified_gmt":"2022-09-11T23:45:33","slug":"mision-vision-y-objetivos","status":"publish","type":"page","link":"https:\/\/www.aseibi.org.co\/?page_id=2115","title":{"rendered":"Misi\u00f3n, Visi\u00f3n y Objetivos"},"content":{"rendered":"<p><strong>Misi\u00f3n<\/strong><\/p>\n<p>ASEIBI es una asociaci\u00f3n solidaria que vincula y agremia a los egresados de la Escuela Interamericana de Bibliotecolog\u00eda de la Universidad de Antioquia, cuyo prop\u00f3sito es actualizar y elevar el nivel profesional, social y cultural de sus asociados; aportar al desarrollo de la profesi\u00f3n, y respaldar, fomentar y divulgar acciones comprometidas con el sector de la informaci\u00f3n en el contexto de la sociedad del conocimiento.<\/p>\n<p>Con base en principios \u00e9ticos, democr\u00e1ticos y empresariales, asesora, elabora y ejecuta proyectos de car\u00e1cter social, acad\u00e9mico, cultural y tecnol\u00f3gico; apoya y estimula procesos de gesti\u00f3n de conocimiento e investigaci\u00f3n tendientes a fortalecer el desarrollo humano con una amplia oferta de servicios caracterizados por su calidad e innovaci\u00f3n, lo cual garantiza el posicionamiento de la Asociaci\u00f3n.<\/p>\n<p>&nbsp;<\/p>\n<p><strong>Visi\u00f3n<\/strong><\/p>\n<p>En el a\u00f1o 2020 ASEIBI ser\u00e1 una Asociaci\u00f3n que integre y represente a un gran n\u00famero de egresados, desde la fundaci\u00f3n de la Escuela Interamericana de Bibliotecolog\u00eda hasta la actualidad, de los programas de pregrado y posgrado, ofrecidos tanto en Medell\u00edn como en las subregiones de Antioquia. Adem\u00e1s desarrollar\u00e1 alianzas estrat\u00e9gicas con otras asociaciones gremiales, grupos de trabajo e instituciones&nbsp; relacionadas con la Archiv\u00edstica y la Bibliotecolog\u00eda, tanto en el \u00e1mbito nacional como internacional; esto, mediante el fortalecimiento de sus dos comisiones misionales como lo son, la Comisi\u00f3n Acad\u00e9mica y la Comisi\u00f3n Socio-Cultural.<\/p>\n<p>&nbsp;<\/p>\n<p><strong>Objetivo<\/strong><\/p>\n<p>La Asociaci\u00f3n de Egresados de la Escuela Interamericana de Bibliotecolog\u00eda fortalece, apoya y promueve el desarrollo integral de los profesionales egresados de la Escuela Interamericana de Bibliotecolog\u00eda en el \u00e1mbito nacional e internacional.<\/p>\n<p>Seg\u00fan lo establece el art\u00edculo 5 de sus estatutos, tiene como objetivo general y espec\u00edficos, los siguientes:<\/p>\n<p id=\"E1470\" class=\"qowt-stl-BodyText\"><strong><span id=\"E1471\">Objetivo General:<\/span><\/strong><\/p>\n<p id=\"E1472\" class=\"qowt-stl-BodyText\"><span id=\"E1473\">Agremiar los <\/span><span id=\"E1474\">egresados de la <\/span><span id=\"E1475\">Escuela <\/span><span id=\"E1476\">Interamericana <\/span><span id=\"E1477\">de <\/span><span id=\"E1478\">Bibliotecolog\u00eda, <\/span><span id=\"E1479\">representarlos en el <\/span><span id=\"E1480\">medio y <\/span><span id=\"E1481\">velar <\/span><span id=\"E1482\">por <\/span><span id=\"E1483\">el <\/span><span id=\"E1484\">cumplimiento <\/span><span id=\"E1485\">de <\/span><span id=\"E1486\">su <\/span><span id=\"E1487\">funci\u00f3n<\/span><span id=\"E1488\"> <\/span><span id=\"E1489\">social.<\/span><\/p>\n<p><strong>&nbsp;<\/strong><strong><span id=\"E1491\">Objetivos espec\u00edficos:<\/span><\/strong><\/p>\n<ul>\n<li>Fomentar en los asociados el desarrollo integral que permita mejorar su calidad de vida.<\/li>\n<li>Desarrollar acciones que conlleven al posicionamiento de ASEIBI, en los diferentes escenarios que involucran el quehacer de la Bibliotecolog\u00eda, la Archiv\u00edstica y las Ciencias de la Informaci\u00f3n.<\/li>\n<li>Velar por el cumplimiento de la \u00e9tica profesional.<\/li>\n<li>Promover el desarrollo de la teor\u00eda, la pr\u00e1ctica y la investigaci\u00f3n bibliotecol\u00f3gica, archiv\u00edstica y de la ciencia de la informaci\u00f3n.<\/li>\n<li>Propender porque los programas acad\u00e9micos de la EIB se adecuen a las necesidades socioecon\u00f3micas del pa\u00eds.<\/li>\n<li>Orientar a los profesionales en la defensa de sus derechos y el cumplimiento de sus deberes de acuerdo a la legislaci\u00f3n vigente.<\/li>\n<li>Promover la educaci\u00f3n continua mediante est\u00edmulos a la participaci\u00f3n en investigaciones, congresos, simposios, seminarios, y dem\u00e1s actividades cient\u00edficas, acad\u00e9micas y culturales.<\/li>\n<li>Gestionar, elaborar, presentar y desarrollar proyectos, programas y servicios, en \u00e1reas que fortalezcan la Asociaci\u00f3n.<\/li>\n<li>Fortalecer las relaciones con la Escuela Interamericana de Bibliotecolog\u00eda, la Universidad de Antioquia y otras instituciones afines.<\/li>\n<li>Asesorar y servir como \u00f3rgano consultor a entidades gubernamentales y particulares, nacionales e internacionales en actividades propias y complementarias de la bibliotecolog\u00eda, la archiv\u00edstica y las ciencias de la informaci\u00f3n.<\/li>\n<li>Apoyar a las instituciones que normalizan y regulan la calidad de los servicios e insumos requeridos en la bibliotecolog\u00eda, la archiv\u00edstica y las ciencias de la informaci\u00f3n.<\/li>\n<li>Fomentar y velar el cumplimiento de las disposiciones relacionadas con el sector de la informaci\u00f3n.<\/li>\n<li>Participar como miembro o asociado de entidades nacionales e internacionales, que beneficien el ejercicio de los profesionales en bibliotecolog\u00eda, archiv\u00edstica y ciencias de la informaci\u00f3n.<\/li>\n<\/ul>\n<p>Si desea ampliar esta informaci\u00f3n, le invitamos a consultar la pesta\u00f1a de \u00abDocumentos de inter\u00e9s\u00bb y conocer nuestros estatutos.<\/p>\n ","protected":false},"excerpt":{"rendered":"<p>Misi\u00f3n ASEIBI es una asociaci\u00f3n solidaria que vincula y agremia a los egresados de la Escuela Interamericana de Bibliotecolog\u00eda de la Universidad de Antioquia, cuyo prop\u00f3sito es actualizar y elevar el nivel profesional, social y cultural de sus asociados; aportar al desarrollo de la profesi\u00f3n, y respaldar, fomentar y divulgar acciones comprometidas con el sector &#8230;<\/p>\n","protected":false},"author":1,"featured_media":3280,"parent":6,"menu_order":1,"comment_status":"closed","ping_status":"closed","template":"","meta":{"footnotes":""},"class_list":["post-2115","page","type-page","status-publish","has-post-thumbnail","hentry"],"aioseo_notices":[],"_links":{"self":[{"href":"https:\/\/www.aseibi.org.co\/index.php?rest_route=\/wp\/v2\/pages\/2115"}],"collection":[{"href":"https:\/\/www.aseibi.org.co\/index.php?rest_route=\/wp\/v2\/pages"}],"about":[{"href":"https:\/\/www.aseibi.org.co\/index.php?rest_route=\/wp\/v2\/types\/page"}],"author":[{"embeddable":true,"href":"https:\/\/www.aseibi.org.co\/index.php?rest_route=\/wp\/v2\/users\/1"}],"replies":[{"embeddable":true,"href":"https:\/\/www.aseibi.org.co\/index.php?rest_route=%2Fwp%2Fv2%2Fcomments&post=2115"}],"version-history":[{"count":4,"href":"https:\/\/www.aseibi.org.co\/index.php?rest_route=\/wp\/v2\/pages\/2115\/revisions"}],"predecessor-version":[{"id":2250,"href":"https:\/\/www.aseibi.org.co\/index.php?rest_route=\/wp\/v2\/pages\/2115\/revisions\/2250"}],"up":[{"embeddable":true,"href":"https:\/\/www.aseibi.org.co\/index.php?rest_route=\/wp\/v2\/pages\/6"}],"wp:featuredmedia":[{"embeddable":true,"href":"https:\/\/www.aseibi.org.co\/index.php?rest_route=\/wp\/v2\/media\/3280"}],"wp:attachment":[{"href":"https:\/\/www.aseibi.org.co\/index.php?rest_route=%2Fwp%2Fv2%2Fmedia&parent=2115"}],"curies":[{"name":"wp","href":"https:\/\/api.w.org\/{rel}","templated":true}]}}