{"id":2201,"date":"2018-04-28T18:49:52","date_gmt":"2018-04-28T23:49:52","guid":{"rendered":"http:\/\/www.aseibi.org.co\/?page_id=2201"},"modified":"2018-04-28T18:51:55","modified_gmt":"2018-04-28T23:51:55","slug":"agenda-socio-cultural","status":"publish","type":"page","link":"https:\/\/www.aseibi.org.co\/?page_id=2201","title":{"rendered":"Agenda Socio &#8211; Cultural"},"content":{"rendered":"<p>Apreciado asociado, queremos celebrar juntos nuestras fechas especiales, por ello, le invitamos a que se programe durante el a\u00f1o 2018 para participar en las actividades que estamos preparando, con el prop\u00f3sito de propiciar espacios de encuentro entre los profesionales de la ciencia de la informaci\u00f3n:<\/p>\n<p><img loading=\"lazy\" decoding=\"async\" class=\"aligncenter size-full wp-image-2202\" src=\"http:\/\/www.aseibi.org.co\/wp-content\/uploads\/2018\/04\/Happy-Birthday-e1524959264489.png\" alt=\"\" width=\"550\" height=\"390\"><\/p>\n<p>&nbsp;<\/p>\n ","protected":false},"excerpt":{"rendered":"<p>Apreciado asociado, queremos celebrar juntos nuestras fechas especiales, por ello, le invitamos a que se programe durante el a\u00f1o 2018 para participar en las actividades que estamos preparando, con el prop\u00f3sito de propiciar espacios de encuentro entre los profesionales de la ciencia de la informaci\u00f3n: &nbsp;<\/p>\n","protected":false},"author":1,"featured_media":0,"parent":2102,"menu_order":0,"comment_status":"closed","ping_status":"closed","template":"","meta":{"footnotes":""},"class_list":["post-2201","page","type-page","status-publish","hentry"],"aioseo_notices":[],"_links":{"self":[{"href":"https:\/\/www.aseibi.org.co\/index.php?rest_route=\/wp\/v2\/pages\/2201"}],"collection":[{"href":"https:\/\/www.aseibi.org.co\/index.php?rest_route=\/wp\/v2\/pages"}],"about":[{"href":"https:\/\/www.aseibi.org.co\/index.php?rest_route=\/wp\/v2\/types\/page"}],"author":[{"embeddable":true,"href":"https:\/\/www.aseibi.org.co\/index.php?rest_route=\/wp\/v2\/users\/1"}],"replies":[{"embeddable":true,"href":"https:\/\/www.aseibi.org.co\/index.php?rest_route=%2Fwp%2Fv2%2Fcomments&post=2201"}],"version-history":[{"count":2,"href":"https:\/\/www.aseibi.org.co\/index.php?rest_route=\/wp\/v2\/pages\/2201\/revisions"}],"predecessor-version":[{"id":2205,"href":"https:\/\/www.aseibi.org.co\/index.php?rest_route=\/wp\/v2\/pages\/2201\/revisions\/2205"}],"up":[{"embeddable":true,"href":"https:\/\/www.aseibi.org.co\/index.php?rest_route=\/wp\/v2\/pages\/2102"}],"wp:attachment":[{"href":"https:\/\/www.aseibi.org.co\/index.php?rest_route=%2Fwp%2Fv2%2Fmedia&parent=2201"}],"curies":[{"name":"wp","href":"https:\/\/api.w.org\/{rel}","templated":true}]}}