{"id":2207,"date":"2018-04-28T18:54:17","date_gmt":"2018-04-28T23:54:17","guid":{"rendered":"http:\/\/www.aseibi.org.co\/?page_id=2207"},"modified":"2022-09-11T19:35:40","modified_gmt":"2022-09-12T00:35:40","slug":"como-hacer-parte-de-aseibi","status":"publish","type":"page","link":"https:\/\/www.aseibi.org.co\/?page_id=2207","title":{"rendered":"\u00bfC\u00f3mo hacer parte de ASEIBI?"},"content":{"rendered":"<p>ASEIBI cumple con sus objetivos misionales a trav\u00e9s del trabajo en equipo entre sus asociados y dem\u00e1s profesionales de la Archiv\u00edstica y la Bibliotecolog\u00eda que desean aportar con conocimiento y mediante el apoyo de sus actividades.<\/p>\n<p>Para lograr un reconocimiento social con incidencia pol\u00edtica, es fundamental, necesario e importante contar con las ideas, las experiencias y los conocimientos de los bibliotec\u00f3logos, los archivistas y dem\u00e1s profesionales de las ciencias de la informaci\u00f3n.<\/p>\n<p>Es por ello, que invitamos a los profesionales que deseen hacer parte de nuestros equipos de trabajo, a que manifiesten su inter\u00e9s a trav\u00e9s de este <a href=\"https:\/\/docs.google.com\/forms\/d\/e\/1FAIpQLSefOqFHiUa8NeVWqHritqxz3XcdTf9nyIkTt3nyImJBOX7E-A\/viewform\" target=\"_blank\" rel=\"noopener\">formulario<\/a>, y aprovechen a afiliarse a nuestra asociaci\u00f3n pagando la cuota de sostenimiento que para el a\u00f1o 2022 se encuentra por $90.000 para egresados y para estudiantes con el 80% de materias aprobadas en $45.000.<\/p>\n<p>El pago puede realizarse en efectivo, escribiendo al correo asociacion@aseibi.org.co para coordinar el encuentro, o mediante consignaci\u00f3n o transferencia electr\u00f3nica a la\u00a0 cuenta de ahorros BANCOLOMBIA. No.10163059754\u00a0 \u2013 NIT 890.984.806 -0<\/p>\n<p>Es de anotar, que NO es obligatorio afiliarse para pertenecer a los equipos de trabajo.<\/p>\n<p>Ay\u00fadanos a fortecelcer nuestra asociaci\u00f3n y a generar acciones en defensa de la profesi\u00f3n archiv\u00edstica y bibliotec\u00f3ligica.<\/p>\n ","protected":false},"excerpt":{"rendered":"<p>ASEIBI cumple con sus objetivos misionales a trav\u00e9s del trabajo en equipo entre sus asociados y dem\u00e1s profesionales de la Archiv\u00edstica y la Bibliotecolog\u00eda que desean aportar con conocimiento y mediante el apoyo de sus actividades. Para lograr un reconocimiento social con incidencia pol\u00edtica, es fundamental, necesario e importante contar con las ideas, las experiencias &#8230;<\/p>\n","protected":false},"author":1,"featured_media":3324,"parent":0,"menu_order":0,"comment_status":"closed","ping_status":"closed","template":"","meta":{"footnotes":""},"class_list":["post-2207","page","type-page","status-publish","has-post-thumbnail","hentry"],"aioseo_notices":[],"_links":{"self":[{"href":"https:\/\/www.aseibi.org.co\/index.php?rest_route=\/wp\/v2\/pages\/2207"}],"collection":[{"href":"https:\/\/www.aseibi.org.co\/index.php?rest_route=\/wp\/v2\/pages"}],"about":[{"href":"https:\/\/www.aseibi.org.co\/index.php?rest_route=\/wp\/v2\/types\/page"}],"author":[{"embeddable":true,"href":"https:\/\/www.aseibi.org.co\/index.php?rest_route=\/wp\/v2\/users\/1"}],"replies":[{"embeddable":true,"href":"https:\/\/www.aseibi.org.co\/index.php?rest_route=%2Fwp%2Fv2%2Fcomments&post=2207"}],"version-history":[{"count":10,"href":"https:\/\/www.aseibi.org.co\/index.php?rest_route=\/wp\/v2\/pages\/2207\/revisions"}],"predecessor-version":[{"id":3350,"href":"https:\/\/www.aseibi.org.co\/index.php?rest_route=\/wp\/v2\/pages\/2207\/revisions\/3350"}],"wp:featuredmedia":[{"embeddable":true,"href":"https:\/\/www.aseibi.org.co\/index.php?rest_route=\/wp\/v2\/media\/3324"}],"wp:attachment":[{"href":"https:\/\/www.aseibi.org.co\/index.php?rest_route=%2Fwp%2Fv2%2Fmedia&parent=2207"}],"curies":[{"name":"wp","href":"https:\/\/api.w.org\/{rel}","templated":true}]}}