{"id":223,"date":"2008-10-11T12:15:17","date_gmt":"2008-10-11T17:15:17","guid":{"rendered":"http:\/\/aseibi.wordpress.com\/?page_id=223"},"modified":"2020-04-27T14:59:33","modified_gmt":"2020-04-27T19:59:33","slug":"actas-y-resoluciones","status":"publish","type":"page","link":"https:\/\/www.aseibi.org.co\/?page_id=223","title":{"rendered":"Resoluciones"},"content":{"rendered":"\n<p><strong>\u00a0Resoluci\u00f3n N\u00b0 01 de 2020<\/strong> &#8211; Por la cual determina aplazar el pago de cuotas de renovaci\u00f3n de membres\u00eda de los socios. (25 de abril de 2020)<\/p>\n\n\n\n<figure class=\"wp-block-image is-resized\"><a href=\"http:\/\/www.aseibi.org.co\/wp-content\/uploads\/2020\/04\/Resoluci\u00f3n-N\u00b0-01-de-2020.pdf\"><img loading=\"lazy\" decoding=\"async\" src=\"http:\/\/www.aseibi.org.co\/wp-content\/uploads\/2019\/06\/pdf1.png\" alt=\"\" class=\"wp-image-2663\" width=\"55\" height=\"55\" srcset=\"https:\/\/www.aseibi.org.co\/wp-content\/uploads\/2019\/06\/pdf1.png 512w, https:\/\/www.aseibi.org.co\/wp-content\/uploads\/2019\/06\/pdf1-150x150.png 150w, https:\/\/www.aseibi.org.co\/wp-content\/uploads\/2019\/06\/pdf1-300x300.png 300w\" sizes=\"(max-width: 55px) 100vw, 55px\" \/><\/a><\/figure>\n\n\n\n<hr class=\"wp-block-separator\"\/>\n\n\n\n<p><strong>Resoluci\u00f3n N\u00b0 01 de 2019<\/strong> &#8211; Por la cual se derogan todas las Resoluciones anteriores que reglamentan el Premio Luis Flor\u00e9n Lozano y se establece una nueva Resoluci\u00f3n para otorgar el Premio. (04 de abril de 2019) <\/p>\n\n\n\n<figure class=\"wp-block-image is-resized\"><a href=\"http:\/\/www.aseibi.org.co\/wp-content\/uploads\/2019\/04\/Resoluci%C3%B3n-No.-01-de-2019.pdf\" target=\"_blank\" rel=\"noreferrer noopener\"><img loading=\"lazy\" decoding=\"async\" src=\"http:\/\/www.aseibi.org.co\/wp-content\/uploads\/2019\/06\/pdf1.png\" alt=\"\" class=\"wp-image-2663\" width=\"55\" height=\"55\" srcset=\"https:\/\/www.aseibi.org.co\/wp-content\/uploads\/2019\/06\/pdf1.png 512w, https:\/\/www.aseibi.org.co\/wp-content\/uploads\/2019\/06\/pdf1-150x150.png 150w, https:\/\/www.aseibi.org.co\/wp-content\/uploads\/2019\/06\/pdf1-300x300.png 300w\" sizes=\"(max-width: 55px) 100vw, 55px\" \/><\/a><\/figure>\n\n\n\n<hr class=\"wp-block-separator\"\/>\n\n\n\n<p><strong>Resoluci\u00f3n N\u00b0 02 de 2018<\/strong> &#8211; Por la cual se ajusta la resoluci\u00f3n N\u00b0 01 del 29 de enero de 2018 que modifica la reglamentaci\u00f3n de la Distinci\u00f3n Premio Luis Floren Lozano en el proceso de evaluaci\u00f3n de los postulados seg\u00fan el Formato Par\u00e1metros Para La Evaluaci\u00f3n De Candidatos. (30 de mayo de 2018). <\/p>\n\n\n\n<figure class=\"wp-block-image is-resized\"><a href=\"http:\/\/www.aseibi.org.co\/wp-content\/uploads\/2019\/02\/Resoluci%C3%B3n-No.-02-2018.pdf\" target=\"_blank\" rel=\"noreferrer noopener\"><img loading=\"lazy\" decoding=\"async\" src=\"http:\/\/www.aseibi.org.co\/wp-content\/uploads\/2019\/06\/pdf1.png\" alt=\"\" class=\"wp-image-2663\" width=\"55\" height=\"55\" srcset=\"https:\/\/www.aseibi.org.co\/wp-content\/uploads\/2019\/06\/pdf1.png 512w, https:\/\/www.aseibi.org.co\/wp-content\/uploads\/2019\/06\/pdf1-150x150.png 150w, https:\/\/www.aseibi.org.co\/wp-content\/uploads\/2019\/06\/pdf1-300x300.png 300w\" sizes=\"(max-width: 55px) 100vw, 55px\" \/><\/a><\/figure>\n\n\n\n<hr class=\"wp-block-separator\"\/>\n\n\n\n<p><strong>Resoluci\u00f3n N\u00b0 01 de 2018&nbsp;<\/strong>&#8211; Por la cual se modifica la reglamentaci\u00f3n de la Distinci\u00f3n Premio Luis Floren Lozano en el proceso de evaluaci\u00f3n de los postulados seg\u00fan el Formato Par\u00e1metros Para La Evaluaci\u00f3n De Candidatos\u00bb. (29 de enero de 2018).<\/p>\n\n\n\n<figure class=\"wp-block-image is-resized\"><a href=\"http:\/\/www.aseibi.org.co\/wp-content\/uploads\/2019\/02\/Resolucio%CC%81n-No.-01-2018.pdf\" target=\"_blank\" rel=\"noreferrer noopener\"><img loading=\"lazy\" decoding=\"async\" src=\"http:\/\/www.aseibi.org.co\/wp-content\/uploads\/2019\/06\/pdf1.png\" alt=\"\" class=\"wp-image-2663\" width=\"55\" height=\"55\" srcset=\"https:\/\/www.aseibi.org.co\/wp-content\/uploads\/2019\/06\/pdf1.png 512w, https:\/\/www.aseibi.org.co\/wp-content\/uploads\/2019\/06\/pdf1-150x150.png 150w, https:\/\/www.aseibi.org.co\/wp-content\/uploads\/2019\/06\/pdf1-300x300.png 300w\" sizes=\"(max-width: 55px) 100vw, 55px\" \/><\/a><\/figure>\n\n\n\n<hr class=\"wp-block-separator\"\/>\n\n\n\n<p><strong>Resoluci\u00f3n N\u00b0 02 de 2008<\/strong> &#8211; Por la cual se establece la gesti\u00f3n y desarrollo de los proyectos de la asociaci\u00f3n en materia de asesoria t\u00e9cnica y administrativa. (23 de agosto de 2008). <\/p>\n\n\n\n<figure class=\"wp-block-image is-resized\"><a href=\"http:\/\/www.aseibi.org.co\/wp-content\/uploads\/2019\/02\/Resoluci%C3%B3n-No.-02-2008B.pdf\" target=\"_blank\" rel=\"noreferrer noopener\"><img loading=\"lazy\" decoding=\"async\" src=\"http:\/\/www.aseibi.org.co\/wp-content\/uploads\/2019\/06\/pdf1.png\" alt=\"\" class=\"wp-image-2663\" width=\"55\" height=\"55\" srcset=\"https:\/\/www.aseibi.org.co\/wp-content\/uploads\/2019\/06\/pdf1.png 512w, https:\/\/www.aseibi.org.co\/wp-content\/uploads\/2019\/06\/pdf1-150x150.png 150w, https:\/\/www.aseibi.org.co\/wp-content\/uploads\/2019\/06\/pdf1-300x300.png 300w\" sizes=\"(max-width: 55px) 100vw, 55px\" \/><\/a><\/figure>\n\n\n\n<hr class=\"wp-block-separator\"\/>\n\n\n\n<p> <br><strong>Resoluci\u00f3n N\u00b0 01 de 2008<\/strong> &#8211; Por la cual se crea la comisi\u00f3n acad\u00e9mica de ASEIBI y se reglamenta su composici\u00f3n, funciones y reuniones. (23 de agosto de 2008). <br><\/p>\n\n\n\n<figure class=\"wp-block-image is-resized\"><a href=\"http:\/\/www.aseibi.org.co\/wp-content\/uploads\/2019\/02\/Resoluci%C3%B3n-No.-01-2008B.pdf\"><img loading=\"lazy\" decoding=\"async\" src=\"http:\/\/www.aseibi.org.co\/wp-content\/uploads\/2019\/06\/pdf1.png\" alt=\"\" class=\"wp-image-2663\" width=\"55\" height=\"55\" srcset=\"https:\/\/www.aseibi.org.co\/wp-content\/uploads\/2019\/06\/pdf1.png 512w, https:\/\/www.aseibi.org.co\/wp-content\/uploads\/2019\/06\/pdf1-150x150.png 150w, https:\/\/www.aseibi.org.co\/wp-content\/uploads\/2019\/06\/pdf1-300x300.png 300w\" sizes=\"(max-width: 55px) 100vw, 55px\" \/><\/a><\/figure>\n\n\n\n<hr class=\"wp-block-separator\"\/>\n\n\n\n<p><strong>Resoluci\u00f3n N\u00b0 03 de 2008&nbsp;<\/strong> &#8211; Mediante la cual se reglamenta la resoluci\u00f3n N\u00ba 02 del 12 de abril de 2008 que modifica el Premio Luis Flor\u00e9n Lozano. (14 de abril de 2008)<\/p>\n\n\n\n<figure class=\"wp-block-image is-resized\"><a href=\"http:\/\/www.aseibi.org.co\/wp-content\/uploads\/2019\/02\/Resoluci%C3%B3n-No.-03-2008.pdf\" target=\"_blank\" rel=\"noreferrer noopener\"><img loading=\"lazy\" decoding=\"async\" src=\"http:\/\/www.aseibi.org.co\/wp-content\/uploads\/2019\/06\/pdf1.png\" alt=\"\" class=\"wp-image-2663\" width=\"55\" height=\"55\" srcset=\"https:\/\/www.aseibi.org.co\/wp-content\/uploads\/2019\/06\/pdf1.png 512w, https:\/\/www.aseibi.org.co\/wp-content\/uploads\/2019\/06\/pdf1-150x150.png 150w, https:\/\/www.aseibi.org.co\/wp-content\/uploads\/2019\/06\/pdf1-300x300.png 300w\" sizes=\"(max-width: 55px) 100vw, 55px\" \/><\/a><\/figure>\n\n\n\n<hr class=\"wp-block-separator\"\/>\n\n\n\n<p><strong>Resoluci\u00f3n N\u00b0 02 de 2008<\/strong>  &#8211; Mediante la cual se modifica la resoluci\u00f3n N\u00ba 2 del 4 de febrero de 1986 que crea el Premio Luis Flor\u00e9n Lozano para estimular a los egresados de los diferentes programas acad\u00e9micos de la Escuela lnteramericana de Bibliotecolog\u00eda y a las instituciones vinculadas a las ciencias de la informaci\u00f3n. (12 de abril de 2008).<\/p>\n\n\n\n<figure class=\"wp-block-image is-resized\"><a href=\"http:\/\/www.aseibi.org.co\/wp-content\/uploads\/2019\/02\/Resoluci%C3%B3n-No.-02-2008A.pdf\"><img loading=\"lazy\" decoding=\"async\" src=\"http:\/\/www.aseibi.org.co\/wp-content\/uploads\/2019\/06\/pdf1.png\" alt=\"\" class=\"wp-image-2663\" width=\"55\" height=\"55\" srcset=\"https:\/\/www.aseibi.org.co\/wp-content\/uploads\/2019\/06\/pdf1.png 512w, https:\/\/www.aseibi.org.co\/wp-content\/uploads\/2019\/06\/pdf1-150x150.png 150w, https:\/\/www.aseibi.org.co\/wp-content\/uploads\/2019\/06\/pdf1-300x300.png 300w\" sizes=\"(max-width: 55px) 100vw, 55px\" \/><\/a><\/figure>\n\n\n\n<hr class=\"wp-block-separator\"\/>\n\n\n\n<p><strong>Resoluci\u00f3n N\u00b0 01 de 2008<\/strong> &#8211; Por medio de la cual se definen los requisitos y criterios generales para la conformaci\u00f3n y utilizaci\u00f3n del Fondo de Solidaridad para apoyo a los programas de Bienestar Universitario dirigidos a los estudiantes de la Escuela Interamericana de Bibliotecolog\u00eda de la Universidad de Antioquia. (26 de enero de 2008) <\/p>\n\n\n\n<figure class=\"wp-block-image is-resized\"><a href=\"http:\/\/www.aseibi.org.co\/wp-content\/uploads\/2019\/02\/Resoluci%C3%B3n-No.-01-2008A.pdf\" target=\"_blank\" rel=\"noreferrer noopener\"><img loading=\"lazy\" decoding=\"async\" src=\"http:\/\/www.aseibi.org.co\/wp-content\/uploads\/2019\/06\/pdf1.png\" alt=\"\" class=\"wp-image-2663\" width=\"55\" height=\"55\" srcset=\"https:\/\/www.aseibi.org.co\/wp-content\/uploads\/2019\/06\/pdf1.png 512w, https:\/\/www.aseibi.org.co\/wp-content\/uploads\/2019\/06\/pdf1-150x150.png 150w, https:\/\/www.aseibi.org.co\/wp-content\/uploads\/2019\/06\/pdf1-300x300.png 300w\" sizes=\"(max-width: 55px) 100vw, 55px\" \/><\/a><\/figure>\n\n\n\n<hr class=\"wp-block-separator\"\/>\n\n\n<p class=\"MsoNormal\">&nbsp;<\/p>\n<div style=\"text-align: center;\"><span style=\"color: #888888;\"><strong>ASEIBI<\/strong><\/span><\/div>\n<div style=\"text-align: center;\"><span style=\"color: #888888;\"><strong>Asociaci\u00f3n de Egresados de la Escuela Interamericana de Bibliotecolog\u00eda &#8211; Universidad de Antioquia.<\/strong><\/span><\/div>\n<div style=\"text-align: center;\"><span style=\"color: #888888;\"><strong>Edificio TEQUENDAMA &#8211; Carrera 49 N\u00b0 52 &#8211; 61 Of.: 704<\/strong><\/span><\/div>\n<div style=\"text-align: center;\"><span style=\"color: #888888;\"><strong>Celular: 3145353200 Medell\u00edn &#8211; Colombia<\/strong><\/span><\/div>\n<div style=\"text-align: center;\"><span style=\"color: #888888;\"><strong>asociacion@aseibi.org.co<\/strong><\/span><\/div>\n<div style=\"text-align: center;\"><span style=\"color: #888888;\"><strong>&nbsp;<\/strong><\/span><\/div> ","protected":false},"excerpt":{"rendered":"<p>\u00a0Resoluci\u00f3n N\u00b0 01 de 2020 &#8211; Por la cual determina aplazar el pago de cuotas de renovaci\u00f3n de membres\u00eda de los socios. (25 de abril de 2020) Resoluci\u00f3n N\u00b0 01 de 2019 &#8211; Por la cual se derogan todas las Resoluciones anteriores que reglamentan el Premio Luis Flor\u00e9n Lozano y se establece una nueva Resoluci\u00f3n &#8230;<\/p>\n","protected":false},"author":1,"featured_media":0,"parent":2105,"menu_order":1,"comment_status":"open","ping_status":"open","template":"","meta":{"footnotes":""},"class_list":["post-223","page","type-page","status-publish","hentry"],"aioseo_notices":[],"_links":{"self":[{"href":"https:\/\/www.aseibi.org.co\/index.php?rest_route=\/wp\/v2\/pages\/223"}],"collection":[{"href":"https:\/\/www.aseibi.org.co\/index.php?rest_route=\/wp\/v2\/pages"}],"about":[{"href":"https:\/\/www.aseibi.org.co\/index.php?rest_route=\/wp\/v2\/types\/page"}],"author":[{"embeddable":true,"href":"https:\/\/www.aseibi.org.co\/index.php?rest_route=\/wp\/v2\/users\/1"}],"replies":[{"embeddable":true,"href":"https:\/\/www.aseibi.org.co\/index.php?rest_route=%2Fwp%2Fv2%2Fcomments&post=223"}],"version-history":[{"count":32,"href":"https:\/\/www.aseibi.org.co\/index.php?rest_route=\/wp\/v2\/pages\/223\/revisions"}],"predecessor-version":[{"id":2897,"href":"https:\/\/www.aseibi.org.co\/index.php?rest_route=\/wp\/v2\/pages\/223\/revisions\/2897"}],"up":[{"embeddable":true,"href":"https:\/\/www.aseibi.org.co\/index.php?rest_route=\/wp\/v2\/pages\/2105"}],"wp:attachment":[{"href":"https:\/\/www.aseibi.org.co\/index.php?rest_route=%2Fwp%2Fv2%2Fmedia&parent=223"}],"curies":[{"name":"wp","href":"https:\/\/api.w.org\/{rel}","templated":true}]}}