{"id":2230,"date":"2018-04-28T20:01:34","date_gmt":"2018-04-29T01:01:34","guid":{"rendered":"http:\/\/www.aseibi.org.co\/?page_id=2230"},"modified":"2023-04-15T11:11:35","modified_gmt":"2023-04-15T16:11:35","slug":"formulario-de-afiliacion-y-renovacion-membresia","status":"publish","type":"page","link":"https:\/\/www.aseibi.org.co\/?page_id=2230","title":{"rendered":"Afiliaci\u00f3n y Renovaci\u00f3n"},"content":{"rendered":"<p>Para ASEIBI es muy importante que los egresados y estudiantes de la Escuela Interamericana de Bibliotecolog\u00eda hagan parte de sus asociados, ya que esto permite que las acciones programadas para la agenda acad\u00e9mica y socio-cultural, corresponda con mayor precisi\u00f3n a las necesidades y expectativas de los profesionales de las ciencias de la informaci\u00f3n, a qui\u00e9nes se debe la Asociaci\u00f3n.<\/p>\n<p>Por lo anterior, le invitamos a que se asocie o renueve su afiliaci\u00f3n a trav\u00e9s del diligenciamiento de este <a href=\"https:\/\/docs.google.com\/forms\/d\/e\/1FAIpQLSefOqFHiUa8NeVWqHritqxz3XcdTf9nyIkTt3nyImJBOX7E-A\/viewform\">formulario<\/a> y el respectivo pago de la cuota de sostenimiento, que para el a\u00f1o 2023 se encuentra por un valor $100.000 para egresados y por $60.000 para estudiantes. Aprobado en Asamblea General.<\/p>\n<p>El pago se realiza mediante\u00a0consignaci\u00f3n o transferencia electr\u00f3nica a la cuenta de ahorros BANCOLOMBIA. No.10163059754 \u2013 NIT 890.984.806. Una vez consignado el valor deber\u00e1 enviarse comprobante de pago <a href=\"mailto:tesoreria@aseibi.org.co\">tesoreria@aseibi.org.co<\/a><\/p>\n<p>Esperamos contar con su participaci\u00f3n.<\/p>\n ","protected":false},"excerpt":{"rendered":"<p>Para ASEIBI es muy importante que los egresados y estudiantes de la Escuela Interamericana de Bibliotecolog\u00eda hagan parte de sus asociados, ya que esto permite que las acciones programadas para la agenda acad\u00e9mica y socio-cultural, corresponda con mayor precisi\u00f3n a las necesidades y expectativas de los profesionales de las ciencias de la informaci\u00f3n, a qui\u00e9nes &#8230;<\/p>\n","protected":false},"author":1,"featured_media":3324,"parent":0,"menu_order":0,"comment_status":"closed","ping_status":"closed","template":"","meta":{"footnotes":""},"class_list":["post-2230","page","type-page","status-publish","has-post-thumbnail","hentry"],"aioseo_notices":[],"_links":{"self":[{"href":"https:\/\/www.aseibi.org.co\/index.php?rest_route=\/wp\/v2\/pages\/2230"}],"collection":[{"href":"https:\/\/www.aseibi.org.co\/index.php?rest_route=\/wp\/v2\/pages"}],"about":[{"href":"https:\/\/www.aseibi.org.co\/index.php?rest_route=\/wp\/v2\/types\/page"}],"author":[{"embeddable":true,"href":"https:\/\/www.aseibi.org.co\/index.php?rest_route=\/wp\/v2\/users\/1"}],"replies":[{"embeddable":true,"href":"https:\/\/www.aseibi.org.co\/index.php?rest_route=%2Fwp%2Fv2%2Fcomments&post=2230"}],"version-history":[{"count":12,"href":"https:\/\/www.aseibi.org.co\/index.php?rest_route=\/wp\/v2\/pages\/2230\/revisions"}],"predecessor-version":[{"id":3396,"href":"https:\/\/www.aseibi.org.co\/index.php?rest_route=\/wp\/v2\/pages\/2230\/revisions\/3396"}],"wp:featuredmedia":[{"embeddable":true,"href":"https:\/\/www.aseibi.org.co\/index.php?rest_route=\/wp\/v2\/media\/3324"}],"wp:attachment":[{"href":"https:\/\/www.aseibi.org.co\/index.php?rest_route=%2Fwp%2Fv2%2Fmedia&parent=2230"}],"curies":[{"name":"wp","href":"https:\/\/api.w.org\/{rel}","templated":true}]}}