{"id":2233,"date":"2018-04-28T20:07:17","date_gmt":"2018-04-29T01:07:17","guid":{"rendered":"http:\/\/www.aseibi.org.co\/?page_id=2233"},"modified":"2023-03-26T12:00:58","modified_gmt":"2023-03-26T17:00:58","slug":"informes-de-gestion","status":"publish","type":"page","link":"https:\/\/www.aseibi.org.co\/?page_id=2233","title":{"rendered":"Informes de Gesti\u00f3n"},"content":{"rendered":"\n<p><strong>Informe de Gesti\u00f3n &#8211; A\u00f1o 2022.<\/strong> (25 de marzo de 2023)<\/p>\n\n\n\n<div data-wp-interactive=\"core\/file\" class=\"wp-block-file\"><object data-wp-bind--hidden=\"!state.hasPdfPreview\"  class=\"wp-block-file__embed\" data=\"https:\/\/www.aseibi.org.co\/wp-content\/uploads\/2023\/03\/2023_03_24_Informe-de-Gestion-ano-2022-V3-1.pdf\" type=\"application\/pdf\" style=\"width:100%;height:600px\" aria-label=\"Incrustado de Incrustado de 2023_03_24_Informe-de-Gestion-ano-2022-V3-1..\"><\/object><a id=\"wp-block-file--media-6f060280-3a05-4e8f-844d-90510fb168db\" href=\"https:\/\/www.aseibi.org.co\/wp-content\/uploads\/2023\/03\/2023_03_24_Informe-de-Gestion-ano-2022-V3-1.pdf\">2023_03_24_Informe-de-Gestion-ano-2022-V3-1<\/a><a href=\"https:\/\/www.aseibi.org.co\/wp-content\/uploads\/2023\/03\/2023_03_24_Informe-de-Gestion-ano-2022-V3-1.pdf\" class=\"wp-block-file__button\" download aria-describedby=\"wp-block-file--media-6f060280-3a05-4e8f-844d-90510fb168db\">Descarga<\/a><\/div>\n\n\n\n<p><strong>Informe de Gesti\u00f3n &#8211; A\u00f1o 2021.<\/strong> (26 de marzo de 2022)<\/p>\n\n\n\n<div data-wp-interactive=\"core\/file\" class=\"wp-block-file\"><object data-wp-bind--hidden=\"!state.hasPdfPreview\"  class=\"wp-block-file__embed\" data=\"https:\/\/www.aseibi.org.co\/wp-content\/uploads\/2023\/03\/Informe-de-Gestion-Aseibi-2021.pdf\" type=\"application\/pdf\" style=\"width:100%;height:600px\" aria-label=\"Incrustado de Incrustado de Informe-de-Gestion-Aseibi-2021..\"><\/object><a id=\"wp-block-file--media-c77a7ae4-dee5-4366-8546-e501b89cdc94\" href=\"https:\/\/www.aseibi.org.co\/wp-content\/uploads\/2023\/03\/Informe-de-Gestion-Aseibi-2021.pdf\">Informe-de-Gestion-Aseibi-2021<\/a><a href=\"https:\/\/www.aseibi.org.co\/wp-content\/uploads\/2023\/03\/Informe-de-Gestion-Aseibi-2021.pdf\" class=\"wp-block-file__button\" download aria-describedby=\"wp-block-file--media-c77a7ae4-dee5-4366-8546-e501b89cdc94\">Descarga<\/a><\/div>\n\n\n\n<p><strong>Informe de Gesti\u00f3n &#8211; A\u00f1o 2020. <\/strong>(27 de marzo de 2021)  <\/p>\n\n\n\n<figure class=\"wp-block-image is-resized\"><a href=\"http:\/\/www.aseibi.org.co\/wp-content\/uploads\/2021\/03\/Informe-de-Gesti\u00f3n-Aseibi-2020.pdf\"><img loading=\"lazy\" decoding=\"async\" src=\"http:\/\/www.aseibi.org.co\/wp-content\/uploads\/2019\/06\/pdf1.png\" alt=\"\" class=\"wp-image-2663\" width=\"57\" height=\"57\" srcset=\"https:\/\/www.aseibi.org.co\/wp-content\/uploads\/2019\/06\/pdf1.png 512w, https:\/\/www.aseibi.org.co\/wp-content\/uploads\/2019\/06\/pdf1-150x150.png 150w, https:\/\/www.aseibi.org.co\/wp-content\/uploads\/2019\/06\/pdf1-300x300.png 300w\" sizes=\"(max-width: 57px) 100vw, 57px\" \/><\/a><\/figure>\n\n\n\n<p><strong>Informe de Gesti\u00f3n &#8211; A\u00f1o 2019. <\/strong>(29 de frebero de 2020) <\/p>\n\n\n\n<figure class=\"wp-block-image is-resized\"><a href=\"http:\/\/www.aseibi.org.co\/wp-content\/uploads\/2020\/02\/Informe-de-Gesti\u00f3n-2019.pdf\"><img loading=\"lazy\" decoding=\"async\" src=\"http:\/\/www.aseibi.org.co\/wp-content\/uploads\/2019\/06\/pdf1.png\" alt=\"\" class=\"wp-image-2663\" width=\"57\" height=\"57\" srcset=\"https:\/\/www.aseibi.org.co\/wp-content\/uploads\/2019\/06\/pdf1.png 512w, https:\/\/www.aseibi.org.co\/wp-content\/uploads\/2019\/06\/pdf1-150x150.png 150w, https:\/\/www.aseibi.org.co\/wp-content\/uploads\/2019\/06\/pdf1-300x300.png 300w\" sizes=\"(max-width: 57px) 100vw, 57px\" \/><\/a><\/figure>\n\n\n\n<hr class=\"wp-block-separator has-css-opacity\"\/>\n\n\n\n<p><strong>Informe de Gesti\u00f3n &#8211; A\u00f1o 2018. <\/strong>(11 de abril de 2019)<strong><br>\n<\/strong><\/p>\n\n\n\n<figure class=\"wp-block-image is-resized\"><a href=\"http:\/\/www.aseibi.org.co\/wp-content\/uploads\/2019\/04\/Informe-de-Gesti%C3%B3n-2018..pdf\" target=\"_blank\" rel=\"noreferrer noopener\"><img loading=\"lazy\" decoding=\"async\" src=\"http:\/\/www.aseibi.org.co\/wp-content\/uploads\/2019\/06\/pdf1.png\" alt=\"\" class=\"wp-image-2663\" width=\"55\" height=\"55\" srcset=\"https:\/\/www.aseibi.org.co\/wp-content\/uploads\/2019\/06\/pdf1.png 512w, https:\/\/www.aseibi.org.co\/wp-content\/uploads\/2019\/06\/pdf1-150x150.png 150w, https:\/\/www.aseibi.org.co\/wp-content\/uploads\/2019\/06\/pdf1-300x300.png 300w\" sizes=\"(max-width: 55px) 100vw, 55px\" \/><\/a><\/figure>\n\n\n\n<hr class=\"wp-block-separator has-css-opacity\"\/>\n\n\n\n<p><strong>Informe de Gesti\u00f3n &#8211; A\u00f1o 2017<\/strong>. (05 de abril de 2018)<\/p>\n\n\n\n<figure class=\"wp-block-image is-resized\"><a href=\"http:\/\/www.aseibi.org.co\/wp-content\/uploads\/2018\/04\/Informe-de-Gestion_2017.pdf\" target=\"_blank\" rel=\"noreferrer noopener\"><img loading=\"lazy\" decoding=\"async\" src=\"http:\/\/www.aseibi.org.co\/wp-content\/uploads\/2019\/06\/pdf1.png\" alt=\"\" class=\"wp-image-2663\" width=\"55\" height=\"55\" srcset=\"https:\/\/www.aseibi.org.co\/wp-content\/uploads\/2019\/06\/pdf1.png 512w, https:\/\/www.aseibi.org.co\/wp-content\/uploads\/2019\/06\/pdf1-150x150.png 150w, https:\/\/www.aseibi.org.co\/wp-content\/uploads\/2019\/06\/pdf1-300x300.png 300w\" sizes=\"(max-width: 55px) 100vw, 55px\" \/><\/a><\/figure>\n\n\n\n<hr class=\"wp-block-separator has-css-opacity\"\/>\n\n\n\n<p>I<strong>nforme de Gesti\u00f3n &#8211; A\u00f1o 2009<\/strong>. (mayo de 2010)<\/p>\n\n\n\n<figure class=\"wp-block-image is-resized\"><a href=\"http:\/\/www.aseibi.org.co\/wp-content\/uploads\/2018\/04\/informe-de-gestion-2010.pdf\" target=\"_blank\" rel=\"noreferrer noopener\"><img loading=\"lazy\" decoding=\"async\" src=\"http:\/\/www.aseibi.org.co\/wp-content\/uploads\/2019\/06\/pdf1.png\" alt=\"\" class=\"wp-image-2663\" width=\"55\" height=\"55\" srcset=\"https:\/\/www.aseibi.org.co\/wp-content\/uploads\/2019\/06\/pdf1.png 512w, https:\/\/www.aseibi.org.co\/wp-content\/uploads\/2019\/06\/pdf1-150x150.png 150w, https:\/\/www.aseibi.org.co\/wp-content\/uploads\/2019\/06\/pdf1-300x300.png 300w\" sizes=\"(max-width: 55px) 100vw, 55px\" \/><\/a><\/figure>\n ","protected":false},"excerpt":{"rendered":"<p>Informe de Gesti\u00f3n &#8211; A\u00f1o 2022. (25 de marzo de 2023) Informe de Gesti\u00f3n &#8211; A\u00f1o 2021. (26 de marzo de 2022) Informe de Gesti\u00f3n &#8211; A\u00f1o 2020. (27 de marzo de 2021) Informe de Gesti\u00f3n &#8211; A\u00f1o 2019. (29 de frebero de 2020) Informe de Gesti\u00f3n &#8211; A\u00f1o 2018. (11 de abril de 2019) &#8230;<\/p>\n","protected":false},"author":78,"featured_media":0,"parent":2105,"menu_order":0,"comment_status":"closed","ping_status":"closed","template":"","meta":{"footnotes":""},"class_list":["post-2233","page","type-page","status-publish","hentry"],"aioseo_notices":[],"_links":{"self":[{"href":"https:\/\/www.aseibi.org.co\/index.php?rest_route=\/wp\/v2\/pages\/2233"}],"collection":[{"href":"https:\/\/www.aseibi.org.co\/index.php?rest_route=\/wp\/v2\/pages"}],"about":[{"href":"https:\/\/www.aseibi.org.co\/index.php?rest_route=\/wp\/v2\/types\/page"}],"author":[{"embeddable":true,"href":"https:\/\/www.aseibi.org.co\/index.php?rest_route=\/wp\/v2\/users\/78"}],"replies":[{"embeddable":true,"href":"https:\/\/www.aseibi.org.co\/index.php?rest_route=%2Fwp%2Fv2%2Fcomments&post=2233"}],"version-history":[{"count":17,"href":"https:\/\/www.aseibi.org.co\/index.php?rest_route=\/wp\/v2\/pages\/2233\/revisions"}],"predecessor-version":[{"id":3378,"href":"https:\/\/www.aseibi.org.co\/index.php?rest_route=\/wp\/v2\/pages\/2233\/revisions\/3378"}],"up":[{"embeddable":true,"href":"https:\/\/www.aseibi.org.co\/index.php?rest_route=\/wp\/v2\/pages\/2105"}],"wp:attachment":[{"href":"https:\/\/www.aseibi.org.co\/index.php?rest_route=%2Fwp%2Fv2%2Fmedia&parent=2233"}],"curies":[{"name":"wp","href":"https:\/\/api.w.org\/{rel}","templated":true}]}}