{"id":26,"date":"2013-04-08T13:21:22","date_gmt":"2013-04-08T18:21:22","guid":{"rendered":"http:\/\/aseibi.wordpress.com\/?page_id=26"},"modified":"2022-09-11T17:43:32","modified_gmt":"2022-09-11T22:43:32","slug":"premio-luis-floren-lozano","status":"publish","type":"page","link":"https:\/\/www.aseibi.org.co\/?page_id=26","title":{"rendered":"Premio Luis Flor\u00e9n Lozano"},"content":{"rendered":"\n<p><\/p>\n\n\n<p class=\"MsoNormal\"><span style=\"font-size: 10pt; font-family: Verdana; color: #ffffff;\">ASEIBI considera el desarrollo prfesional como un aspecto prioritario, y con base en ello, no s\u00f3lo programa actividades culturales y acad\u00e9micas, sino que reconoce el grado de excelencia de los egresados e instituciones que se han destacado en el desempe\u00f1o de la profesi\u00f3n, demostrando compromiso con el quehacer bibliotecol\u00f3gico y archiv\u00edstico con un alto sentido de servicio.<\/span><\/p>\n<p class=\"MsoNormal\"><span style=\"font-size: 10pt; font-family: Verdana; color: black;\"><br \/><span style=\"color: #ffffff;\">Para enaltecer dicha labor ASEIBI cre\u00f3, el 14 de Febrero de 1988, el \u00abPremio Luis Flor\u00e9n Lozano\u00bb, con el cual se honra la memoria de este insigne y destacado bibli\u00f3grafo y director de <\/span><\/span><span style=\"font-size: 10pt; font-family: Verdana; color: #ffffff;\">la EIB<\/span><span style=\"font-size: 10pt; font-family: Verdana; color: black;\"><span style=\"color: #ffffff;\">, qui\u00e9n con su inteligencia e incansable labor dej\u00f3 una huella imborrable de su gesti\u00f3n.<\/span> <\/span><\/p>\n<p class=\"MsoNormal\" style=\"text-align: center;\"><span style=\"font-size: 10pt; font-family: Verdana; color: #ffffff;\">XXIII<\/span><\/p>\n<table class=\"MsoTableGrid\" style=\"border-collapse: collapse;\" border=\"0\" cellspacing=\"0\" cellpadding=\"0\" align=\"center\">\n<tbody>\n<tr>\n<td style=\"width: 224.45pt; padding: 0pt 5.4pt;\" valign=\"top\" width=\"299\">\n<p class=\"MsoNormal\" style=\"margin-bottom: 0.0001pt; line-height: normal;\"><a title=\"Luis Flor\u00e9n Lozano\" href=\"http:\/\/aseibi.files.wordpress.com\/2008\/03\/luis-floren.jpg\"><img loading=\"lazy\" decoding=\"async\" class=\"\" src=\"http:\/\/aseibi.files.wordpress.com\/2008\/03\/luis-floren.jpg\" alt=\"Luis Flor\u00e9n Lozano\" width=\"293\" height=\"246\" \/><\/a><\/p>\n<\/td>\n<td style=\"width: 224.45pt; padding: 0pt 5.4pt;\" valign=\"top\" width=\"299\">\n<p class=\"MsoNormal\" style=\"text-align: center;\"><a title=\"premio.gif\" href=\"http:\/\/aseibi.files.wordpress.com\/2008\/02\/premio.gif\"><img decoding=\"async\" src=\"http:\/\/aseibi.files.wordpress.com\/2008\/02\/premio.gif\" alt=\"premio.gif\" \/><\/a><\/p>\n<\/td>\n<\/tr>\n<\/tbody>\n<\/table>\n<p class=\"MsoNormal\" style=\"text-align: center;\"><a title=\"premio.gif\" href=\"http:\/\/aseibi.files.wordpress.com\/2008\/02\/premio.gif\">\u00a0<\/a><\/p>\n<p class=\"MsoNormal\"><span style=\"font-size: 10pt; font-family: Verdana; color: #ffffff;\">\u00ab&#8230;Escalador de la monta\u00f1a m\u00e1s alta \u00bfCu\u00e1l es tu \u00faltimo horizonte? y una vez vistos, si fuera posible, todos los horizontes de este mundo, nos quedan los horizontes morales, a d\u00f3nde se llega a so\u00f1ar y esos si que no se acaban nunca, y s\u00f3lo por la diferencia de visi\u00f3n, como los materiales, sino por la sucesi\u00f3n inextinguible de ansias sin limites\u00bb<\/span><\/p>\n<p class=\"MsoNormal\" style=\"text-align: right;\"><span style=\"font-size: 10pt; font-family: Verdana; color: #ffffff;\">de Juan Ram\u00f3n Jim\u00e9nez<\/span><\/p>\n\n\n<hr class=\"wp-block-separator\"\/>\n\n\n\n<hr class=\"wp-block-separator\"\/>\n\n\n\n<hr class=\"wp-block-separator\"\/>\n\n\n\n<figure class=\"wp-block-image size-large is-resized\"><a href=\"http:\/\/www.aseibi.org.co\/wp-content\/uploads\/2022\/09\/Recuento-historico-LFL-2.png\"><img loading=\"lazy\" decoding=\"async\" src=\"http:\/\/www.aseibi.org.co\/wp-content\/uploads\/2022\/09\/Recuento-historico-LFL-2-715x1024.png\" alt=\"\" class=\"wp-image-3314\" width=\"843\" height=\"1207\" srcset=\"https:\/\/www.aseibi.org.co\/wp-content\/uploads\/2022\/09\/Recuento-historico-LFL-2-715x1024.png 715w, https:\/\/www.aseibi.org.co\/wp-content\/uploads\/2022\/09\/Recuento-historico-LFL-2-209x300.png 209w, https:\/\/www.aseibi.org.co\/wp-content\/uploads\/2022\/09\/Recuento-historico-LFL-2.png 768w\" sizes=\"(max-width: 843px) 100vw, 843px\" \/><\/a><\/figure>\n\n\n\n<hr class=\"wp-block-separator\"\/>\n\n\n\n<hr class=\"wp-block-separator\"\/>\n\n\n\n<hr class=\"wp-block-separator\"\/>\n\n\n\n<p><strong>Resoluci\u00f3n No. 01 del 4 de abril de 2019:<\/strong><\/p>\n\n\n\n<p>Por la cual se derogan todas las Resoluciones anteriores que reglamentan el Premio Luis Flor\u00e9n Lozano y se establece una nueva Resoluci\u00f3n para otorgar el Premio.<\/p>\n\n\n\n<div data-wp-interactive=\"core\/file\" class=\"wp-block-file\"><object data-wp-bind--hidden=\"!state.hasPdfPreview\"  class=\"wp-block-file__embed\" data=\"http:\/\/www.aseibi.org.co\/wp-content\/uploads\/2020\/08\/Resoluci\u00f3n-No.-01-de-2019-2.pdf\" type=\"application\/pdf\" style=\"width:100%;height:600px\" aria-label=\"Incrustado de Incrustado de Resoluci\u00f3n-No.-01-de-2019..\"><\/object><a id=\"wp-block-file--media-5fb88e9a-f1b7-42b8-b0f0-6777a60fbfb7\" href=\"http:\/\/www.aseibi.org.co\/wp-content\/uploads\/2020\/08\/Resoluci\u00f3n-No.-01-de-2019-2.pdf\">Resoluci\u00f3n-No.-01-de-2019<\/a><a href=\"http:\/\/www.aseibi.org.co\/wp-content\/uploads\/2020\/08\/Resoluci\u00f3n-No.-01-de-2019-2.pdf\" class=\"wp-block-file__button\" download aria-describedby=\"wp-block-file--media-5fb88e9a-f1b7-42b8-b0f0-6777a60fbfb7\">Descarga<\/a><\/div>\n ","protected":false},"excerpt":{"rendered":"<p>ASEIBI considera el desarrollo prfesional como un aspecto prioritario, y con base en ello, no s\u00f3lo programa actividades culturales y acad\u00e9micas, sino que reconoce el grado de excelencia de los egresados e instituciones que se han destacado en el desempe\u00f1o de la profesi\u00f3n, demostrando compromiso con el quehacer bibliotecol\u00f3gico y archiv\u00edstico con un alto sentido &#8230;<\/p>\n","protected":false},"author":1,"featured_media":3320,"parent":0,"menu_order":6,"comment_status":"open","ping_status":"closed","template":"","meta":{"footnotes":""},"class_list":["post-26","page","type-page","status-publish","has-post-thumbnail","hentry"],"aioseo_notices":[],"_links":{"self":[{"href":"https:\/\/www.aseibi.org.co\/index.php?rest_route=\/wp\/v2\/pages\/26"}],"collection":[{"href":"https:\/\/www.aseibi.org.co\/index.php?rest_route=\/wp\/v2\/pages"}],"about":[{"href":"https:\/\/www.aseibi.org.co\/index.php?rest_route=\/wp\/v2\/types\/page"}],"author":[{"embeddable":true,"href":"https:\/\/www.aseibi.org.co\/index.php?rest_route=\/wp\/v2\/users\/1"}],"replies":[{"embeddable":true,"href":"https:\/\/www.aseibi.org.co\/index.php?rest_route=%2Fwp%2Fv2%2Fcomments&post=26"}],"version-history":[{"count":32,"href":"https:\/\/www.aseibi.org.co\/index.php?rest_route=\/wp\/v2\/pages\/26\/revisions"}],"predecessor-version":[{"id":3318,"href":"https:\/\/www.aseibi.org.co\/index.php?rest_route=\/wp\/v2\/pages\/26\/revisions\/3318"}],"wp:featuredmedia":[{"embeddable":true,"href":"https:\/\/www.aseibi.org.co\/index.php?rest_route=\/wp\/v2\/media\/3320"}],"wp:attachment":[{"href":"https:\/\/www.aseibi.org.co\/index.php?rest_route=%2Fwp%2Fv2%2Fmedia&parent=26"}],"curies":[{"name":"wp","href":"https:\/\/api.w.org\/{rel}","templated":true}]}}