{"id":2816,"date":"2020-03-26T17:54:08","date_gmt":"2020-03-26T22:54:08","guid":{"rendered":"http:\/\/www.aseibi.org.co\/?page_id=2816"},"modified":"2022-09-11T18:54:41","modified_gmt":"2022-09-11T23:54:41","slug":"derechos","status":"publish","type":"page","link":"https:\/\/www.aseibi.org.co\/?page_id=2816","title":{"rendered":"Derechos"},"content":{"rendered":"\n<p>Seg\u00fan el art\u00edculo 8 de los estatutos de la Asociaci\u00f3n, se establecen los siguientes derechos:<\/p>\n\n\n\n<p><br>a. Los asociados activos tendr\u00e1n voz y voto en las asambleas y podr\u00e1n ser elegidos para desempe\u00f1ar cargos en la Junta Directiva; los asociados adjuntos y honorarios tendr\u00e1n voz en las diferentes asambleas y podr\u00e1n ser nombrados miembros de las comisiones especiales y grupos de trabajo, pero no de la Junta Directiva.<br>&nbsp;b. Participar en los actos que organice la Asociaci\u00f3n, tales como: asambleas, conferencias, cursos de actualizaci\u00f3n y actividades de orden cultural, social y servicios.<br>c. Solicitar y recibir el respaldo profesional de la Asociaci\u00f3n, acorde a la normatividad&nbsp;&nbsp; vigente.<br>d. Auditar la gesti\u00f3n econ\u00f3mica y financiera de la Asociaci\u00f3n, cuando lo considere pertinente.<br>e. Recibir las publicaciones de la Asociaci\u00f3n.<\/p>\n\n\n\n<p><strong>Adjuntos (estudiantes)<\/strong><br>Fondo de Solidaridad (Resoluci\u00f3n N\u00ba 1 Enero 26 de 2008): Apoyar los programas de bienestar estudiantil de la EIB.<\/p>\n\n\n\n<p>Los asociados&nbsp; adjuntos pagaran el 60 % de la cuota anual mientras se mantenga su condici\u00f3n de estudiante.<\/p>\n\n\n\n<p><strong>Honorario<\/strong><br>El asociado honorario no paga aporte anual.<\/p>\n ","protected":false},"excerpt":{"rendered":"<p>Seg\u00fan el art\u00edculo 8 de los estatutos de la Asociaci\u00f3n, se establecen los siguientes derechos: a. Los asociados activos tendr\u00e1n voz y voto en las asambleas y podr\u00e1n ser elegidos para desempe\u00f1ar cargos en la Junta Directiva; los asociados adjuntos y honorarios tendr\u00e1n voz en las diferentes asambleas y podr\u00e1n ser nombrados miembros de las &#8230;<\/p>\n","protected":false},"author":78,"featured_media":3342,"parent":0,"menu_order":0,"comment_status":"closed","ping_status":"closed","template":"","meta":{"footnotes":""},"class_list":["post-2816","page","type-page","status-publish","has-post-thumbnail","hentry"],"aioseo_notices":[],"_links":{"self":[{"href":"https:\/\/www.aseibi.org.co\/index.php?rest_route=\/wp\/v2\/pages\/2816"}],"collection":[{"href":"https:\/\/www.aseibi.org.co\/index.php?rest_route=\/wp\/v2\/pages"}],"about":[{"href":"https:\/\/www.aseibi.org.co\/index.php?rest_route=\/wp\/v2\/types\/page"}],"author":[{"embeddable":true,"href":"https:\/\/www.aseibi.org.co\/index.php?rest_route=\/wp\/v2\/users\/78"}],"replies":[{"embeddable":true,"href":"https:\/\/www.aseibi.org.co\/index.php?rest_route=%2Fwp%2Fv2%2Fcomments&post=2816"}],"version-history":[{"count":4,"href":"https:\/\/www.aseibi.org.co\/index.php?rest_route=\/wp\/v2\/pages\/2816\/revisions"}],"predecessor-version":[{"id":2828,"href":"https:\/\/www.aseibi.org.co\/index.php?rest_route=\/wp\/v2\/pages\/2816\/revisions\/2828"}],"wp:featuredmedia":[{"embeddable":true,"href":"https:\/\/www.aseibi.org.co\/index.php?rest_route=\/wp\/v2\/media\/3342"}],"wp:attachment":[{"href":"https:\/\/www.aseibi.org.co\/index.php?rest_route=%2Fwp%2Fv2%2Fmedia&parent=2816"}],"curies":[{"name":"wp","href":"https:\/\/api.w.org\/{rel}","templated":true}]}}