{"id":2818,"date":"2020-03-26T17:55:30","date_gmt":"2020-03-26T22:55:30","guid":{"rendered":"http:\/\/www.aseibi.org.co\/?page_id=2818"},"modified":"2022-09-11T18:43:49","modified_gmt":"2022-09-11T23:43:49","slug":"por-que-afiliarse","status":"publish","type":"page","link":"https:\/\/www.aseibi.org.co\/?page_id=2818","title":{"rendered":"\u00bfPor qu\u00e9 afiliarse?"},"content":{"rendered":"\n<p>Agremiarse es un acto de corresponsabilidad con la profesi\u00f3n, es una forma de participaci\u00f3n e incidencia tanto acad\u00e9mica, como profesional y sobre todo, participaci\u00f3n pol\u00edtica.<\/p>\n\n\n\n<p>Gracias al trabajo en equipo, ASEIBI ofrece a sus asociados los siguientes beneficios:<\/p>\n\n\n\n<p>1.&nbsp;&nbsp; &nbsp;Hacer uso del espacio de la oficina en el centro de la ciudad (edificio Tequendama Carrera 49 #52-61 ofc.704) con acceso a wifi, tinto, agua y arom\u00e1tica.<br>2.&nbsp;&nbsp; &nbsp;Acompa\u00f1amiento para adquirir la tarjeta profesional.<br>3.&nbsp;&nbsp;&nbsp; Descuentos en los cursos de formaci\u00f3n continua que se ofrecen desde la Asociaci\u00f3n.<br>4.&nbsp;&nbsp;&nbsp; Descuentos en los derechos de inscripci\u00f3n para las diferentes actividades socio-culturales.<br>5.&nbsp;&nbsp;&nbsp; Voz y voto en las reuniones de la Asamblea General.<br>6. &nbsp;&nbsp; Ser representado ante todos los entes p\u00fablicos y privados, gubernamentales y no gubernamentales, relacionados con el ejercicio de la Archiv\u00edstica y la Bibliotecolog\u00eda en Colombia.<br>7. &nbsp;&nbsp; Recibir informaci\u00f3n respecto a las novedades de la normatividad y decisiones del Estado que afecten el ejercicio de las profesiones en Archiv\u00edstica y la bibliotecolog\u00eda en Colombia.<\/p>\n\n\n\n<p><\/p>\n ","protected":false},"excerpt":{"rendered":"<p>Agremiarse es un acto de corresponsabilidad con la profesi\u00f3n, es una forma de participaci\u00f3n e incidencia tanto acad\u00e9mica, como profesional y sobre todo, participaci\u00f3n pol\u00edtica. Gracias al trabajo en equipo, ASEIBI ofrece a sus asociados los siguientes beneficios: 1.&nbsp;&nbsp; &nbsp;Hacer uso del espacio de la oficina en el centro de la ciudad (edificio Tequendama Carrera &#8230;<\/p>\n","protected":false},"author":1,"featured_media":3324,"parent":0,"menu_order":0,"comment_status":"closed","ping_status":"closed","template":"","meta":{"footnotes":""},"class_list":["post-2818","page","type-page","status-publish","has-post-thumbnail","hentry"],"aioseo_notices":[],"_links":{"self":[{"href":"https:\/\/www.aseibi.org.co\/index.php?rest_route=\/wp\/v2\/pages\/2818"}],"collection":[{"href":"https:\/\/www.aseibi.org.co\/index.php?rest_route=\/wp\/v2\/pages"}],"about":[{"href":"https:\/\/www.aseibi.org.co\/index.php?rest_route=\/wp\/v2\/types\/page"}],"author":[{"embeddable":true,"href":"https:\/\/www.aseibi.org.co\/index.php?rest_route=\/wp\/v2\/users\/1"}],"replies":[{"embeddable":true,"href":"https:\/\/www.aseibi.org.co\/index.php?rest_route=%2Fwp%2Fv2%2Fcomments&post=2818"}],"version-history":[{"count":2,"href":"https:\/\/www.aseibi.org.co\/index.php?rest_route=\/wp\/v2\/pages\/2818\/revisions"}],"predecessor-version":[{"id":3334,"href":"https:\/\/www.aseibi.org.co\/index.php?rest_route=\/wp\/v2\/pages\/2818\/revisions\/3334"}],"wp:featuredmedia":[{"embeddable":true,"href":"https:\/\/www.aseibi.org.co\/index.php?rest_route=\/wp\/v2\/media\/3324"}],"wp:attachment":[{"href":"https:\/\/www.aseibi.org.co\/index.php?rest_route=%2Fwp%2Fv2%2Fmedia&parent=2818"}],"curies":[{"name":"wp","href":"https:\/\/api.w.org\/{rel}","templated":true}]}}