{"id":2957,"date":"2020-08-20T12:05:52","date_gmt":"2020-08-20T17:05:52","guid":{"rendered":"http:\/\/www.aseibi.org.co\/?page_id=2957"},"modified":"2020-10-26T20:53:03","modified_gmt":"2020-10-27T01:53:03","slug":"ano-2020","status":"publish","type":"page","link":"https:\/\/www.aseibi.org.co\/?page_id=2957","title":{"rendered":"A\u00f1o 2020"},"content":{"rendered":"\n<div class=\"wp-block-image\"><figure class=\"aligncenter is-resized\"><img loading=\"lazy\" decoding=\"async\" src=\"http:\/\/www.aseibi.org.co\/wp-content\/uploads\/2019\/08\/podium.png\" alt=\"\" class=\"wp-image-2762\" width=\"56\" height=\"56\" srcset=\"https:\/\/www.aseibi.org.co\/wp-content\/uploads\/2019\/08\/podium.png 512w, https:\/\/www.aseibi.org.co\/wp-content\/uploads\/2019\/08\/podium-150x150.png 150w, https:\/\/www.aseibi.org.co\/wp-content\/uploads\/2019\/08\/podium-300x300.png 300w\" sizes=\"(max-width: 56px) 100vw, 56px\" \/><\/figure><\/div>\n\n\n\n<figure class=\"wp-block-image\"><img loading=\"lazy\" decoding=\"async\" width=\"1024\" height=\"1024\" src=\"http:\/\/www.aseibi.org.co\/wp-content\/uploads\/2020\/10\/Gin-y-jazz-1024x1024.png\" alt=\"\" class=\"wp-image-3103\" srcset=\"https:\/\/www.aseibi.org.co\/wp-content\/uploads\/2020\/10\/Gin-y-jazz-1024x1024.png 1024w, https:\/\/www.aseibi.org.co\/wp-content\/uploads\/2020\/10\/Gin-y-jazz-150x150.png 150w, https:\/\/www.aseibi.org.co\/wp-content\/uploads\/2020\/10\/Gin-y-jazz-300x300.png 300w, https:\/\/www.aseibi.org.co\/wp-content\/uploads\/2020\/10\/Gin-y-jazz-768x768.png 768w, https:\/\/www.aseibi.org.co\/wp-content\/uploads\/2020\/10\/Gin-y-jazz.png 1654w\" sizes=\"(max-width: 1024px) 100vw, 1024px\" \/><\/figure>\n\n\n\n<hr class=\"wp-block-separator\"\/>\n\n\n\n<hr class=\"wp-block-separator\"\/>\n\n\n\n<p>Acta de deliberaci\u00f3n de jurados &#8211; Premio Luis Flor\u00e9n Lozano 2020<\/p>\n\n\n\n<figure class=\"wp-block-image is-resized\"><a href=\"http:\/\/www.aseibi.org.co\/wp-content\/uploads\/2020\/10\/ACTA-DELIBERACI\u00d3N-JURADOS-PREMIO-LFL.pdf\"><img loading=\"lazy\" decoding=\"async\" src=\"http:\/\/www.aseibi.org.co\/wp-content\/uploads\/2019\/06\/pdf1.png\" alt=\"\" class=\"wp-image-2663\" width=\"56\" height=\"56\" srcset=\"https:\/\/www.aseibi.org.co\/wp-content\/uploads\/2019\/06\/pdf1.png 512w, https:\/\/www.aseibi.org.co\/wp-content\/uploads\/2019\/06\/pdf1-150x150.png 150w, https:\/\/www.aseibi.org.co\/wp-content\/uploads\/2019\/06\/pdf1-300x300.png 300w\" sizes=\"(max-width: 56px) 100vw, 56px\" \/><\/a><\/figure>\n\n\n\n<hr class=\"wp-block-separator\"\/>\n\n\n\n<p style=\"font-size:17px;text-align:left\">La junta Directiva de ASEIBI convoca a todo el gremio de egresados de la Escuela Interamericana de Bibliotecolog\u00eda para que postulen a sus candidatos a esta distinci\u00f3n, teniendo en cuenta el cronograma.<\/p>\n\n\n\n<p>Cronograma <strong>\u00abPremio Luis Flor\u00e9n Lozano 2020\u00bb<\/strong><br>Con\u00f3celo aqu\u00ed<\/p>\n\n\n\n<figure class=\"wp-block-image is-resized\"><a href=\"http:\/\/www.aseibi.org.co\/wp-content\/uploads\/2020\/08\/Cronograma-Premio-LFL-2020.pdf\"><img loading=\"lazy\" decoding=\"async\" src=\"http:\/\/www.aseibi.org.co\/wp-content\/uploads\/2019\/06\/pdf1.png\" alt=\"\" class=\"wp-image-2663\" width=\"56\" height=\"56\" srcset=\"https:\/\/www.aseibi.org.co\/wp-content\/uploads\/2019\/06\/pdf1.png 512w, https:\/\/www.aseibi.org.co\/wp-content\/uploads\/2019\/06\/pdf1-150x150.png 150w, https:\/\/www.aseibi.org.co\/wp-content\/uploads\/2019\/06\/pdf1-300x300.png 300w\" sizes=\"(max-width: 56px) 100vw, 56px\" \/><\/a><\/figure>\n\n\n\n<hr class=\"wp-block-separator\"\/>\n\n\n\n<p><strong>Resoluci\u00f3n No. 01<\/strong>&nbsp;\u2013 Por la cual se derogan todas  las Resoluciones anteriores que reglamentan el Premio Luis Flor\u00e9n Lozano  y se establece una nueva Resoluci\u00f3n para otorgar el Premio. (04 de  abril de 2019)  <\/p>\n\n\n\n<figure class=\"wp-block-image is-resized\"><a href=\"http:\/\/www.aseibi.org.co\/wp-content\/uploads\/2020\/08\/Resoluci\u00f3n-No.-01-de-2019-2.pdf\"><img loading=\"lazy\" decoding=\"async\" src=\"http:\/\/www.aseibi.org.co\/wp-content\/uploads\/2019\/02\/pdf1.png\" alt=\"\" class=\"wp-image-2432\" width=\"56\" height=\"56\" srcset=\"https:\/\/www.aseibi.org.co\/wp-content\/uploads\/2019\/02\/pdf1.png 512w, https:\/\/www.aseibi.org.co\/wp-content\/uploads\/2019\/02\/pdf1-150x150.png 150w, https:\/\/www.aseibi.org.co\/wp-content\/uploads\/2019\/02\/pdf1-300x300.png 300w\" sizes=\"(max-width: 56px) 100vw, 56px\" \/><\/a><\/figure>\n\n\n\n<figure class=\"wp-block-image is-resized\"><img loading=\"lazy\" decoding=\"async\" src=\"http:\/\/www.aseibi.org.co\/wp-content\/uploads\/2020\/08\/Convocatoria-LFL-1-727x1024.png\" alt=\"\" class=\"wp-image-2963\" width=\"440\" height=\"619\" srcset=\"https:\/\/www.aseibi.org.co\/wp-content\/uploads\/2020\/08\/Convocatoria-LFL-1-727x1024.png 727w, https:\/\/www.aseibi.org.co\/wp-content\/uploads\/2020\/08\/Convocatoria-LFL-1-213x300.png 213w, https:\/\/www.aseibi.org.co\/wp-content\/uploads\/2020\/08\/Convocatoria-LFL-1-768x1082.png 768w, https:\/\/www.aseibi.org.co\/wp-content\/uploads\/2020\/08\/Convocatoria-LFL-1.png 1240w\" sizes=\"(max-width: 440px) 100vw, 440px\" \/><\/figure>\n ","protected":false},"excerpt":{"rendered":"<p>Acta de deliberaci\u00f3n de jurados &#8211; Premio Luis Flor\u00e9n Lozano 2020 La junta Directiva de ASEIBI convoca a todo el gremio de egresados de la Escuela Interamericana de Bibliotecolog\u00eda para que postulen a sus candidatos a esta distinci\u00f3n, teniendo en cuenta el cronograma. Cronograma \u00abPremio Luis Flor\u00e9n Lozano 2020\u00bbCon\u00f3celo aqu\u00ed Resoluci\u00f3n No. 01&nbsp;\u2013 Por la &#8230;<\/p>\n","protected":false},"author":78,"featured_media":0,"parent":26,"menu_order":5,"comment_status":"closed","ping_status":"closed","template":"","meta":{"footnotes":""},"class_list":["post-2957","page","type-page","status-publish","hentry"],"aioseo_notices":[],"_links":{"self":[{"href":"https:\/\/www.aseibi.org.co\/index.php?rest_route=\/wp\/v2\/pages\/2957"}],"collection":[{"href":"https:\/\/www.aseibi.org.co\/index.php?rest_route=\/wp\/v2\/pages"}],"about":[{"href":"https:\/\/www.aseibi.org.co\/index.php?rest_route=\/wp\/v2\/types\/page"}],"author":[{"embeddable":true,"href":"https:\/\/www.aseibi.org.co\/index.php?rest_route=\/wp\/v2\/users\/78"}],"replies":[{"embeddable":true,"href":"https:\/\/www.aseibi.org.co\/index.php?rest_route=%2Fwp%2Fv2%2Fcomments&post=2957"}],"version-history":[{"count":25,"href":"https:\/\/www.aseibi.org.co\/index.php?rest_route=\/wp\/v2\/pages\/2957\/revisions"}],"predecessor-version":[{"id":3109,"href":"https:\/\/www.aseibi.org.co\/index.php?rest_route=\/wp\/v2\/pages\/2957\/revisions\/3109"}],"up":[{"embeddable":true,"href":"https:\/\/www.aseibi.org.co\/index.php?rest_route=\/wp\/v2\/pages\/26"}],"wp:attachment":[{"href":"https:\/\/www.aseibi.org.co\/index.php?rest_route=%2Fwp%2Fv2%2Fmedia&parent=2957"}],"curies":[{"name":"wp","href":"https:\/\/api.w.org\/{rel}","templated":true}]}}