{"id":3351,"date":"2022-09-25T20:47:23","date_gmt":"2022-09-26T01:47:23","guid":{"rendered":"http:\/\/www.aseibi.org.co\/?page_id=3351"},"modified":"2022-11-15T20:59:49","modified_gmt":"2022-11-16T01:59:49","slug":"premio-luis-floren-lozano-2022","status":"publish","type":"page","link":"https:\/\/www.aseibi.org.co\/?page_id=3351","title":{"rendered":"A\u00f1o 2022"},"content":{"rendered":"\n<p>Revive los mejores momentos de la entrega del Premio Luis Flor\u00e9n Lozano 2022<\/p>\n\n\n\n<figure class=\"wp-block-image size-large\"><a href=\"http:\/\/www.aseibi.org.co\/wp-content\/uploads\/2022\/11\/DSC_0143-scaled.jpg\"><img loading=\"lazy\" decoding=\"async\" width=\"1024\" height=\"683\" src=\"http:\/\/www.aseibi.org.co\/wp-content\/uploads\/2022\/11\/DSC_0143-1024x683.jpg\" alt=\"\" class=\"wp-image-3367\" srcset=\"https:\/\/www.aseibi.org.co\/wp-content\/uploads\/2022\/11\/DSC_0143-1024x683.jpg 1024w, https:\/\/www.aseibi.org.co\/wp-content\/uploads\/2022\/11\/DSC_0143-300x200.jpg 300w, https:\/\/www.aseibi.org.co\/wp-content\/uploads\/2022\/11\/DSC_0143-768x512.jpg 768w, https:\/\/www.aseibi.org.co\/wp-content\/uploads\/2022\/11\/DSC_0143-1536x1024.jpg 1536w, https:\/\/www.aseibi.org.co\/wp-content\/uploads\/2022\/11\/DSC_0143-2048x1365.jpg 2048w\" sizes=\"(max-width: 1024px) 100vw, 1024px\" \/><\/a><\/figure>\n\n\n\n<figure class=\"wp-block-image size-large\"><a href=\"http:\/\/www.aseibi.org.co\/wp-content\/uploads\/2022\/11\/DSC_0150-scaled.jpg\"><img loading=\"lazy\" decoding=\"async\" width=\"1024\" height=\"683\" src=\"http:\/\/www.aseibi.org.co\/wp-content\/uploads\/2022\/11\/DSC_0150-1024x683.jpg\" alt=\"\" class=\"wp-image-3368\" srcset=\"https:\/\/www.aseibi.org.co\/wp-content\/uploads\/2022\/11\/DSC_0150-1024x683.jpg 1024w, https:\/\/www.aseibi.org.co\/wp-content\/uploads\/2022\/11\/DSC_0150-300x200.jpg 300w, https:\/\/www.aseibi.org.co\/wp-content\/uploads\/2022\/11\/DSC_0150-768x512.jpg 768w, https:\/\/www.aseibi.org.co\/wp-content\/uploads\/2022\/11\/DSC_0150-1536x1024.jpg 1536w, https:\/\/www.aseibi.org.co\/wp-content\/uploads\/2022\/11\/DSC_0150-2048x1365.jpg 2048w\" sizes=\"(max-width: 1024px) 100vw, 1024px\" \/><\/a><\/figure>\n\n\n\n<figure class=\"wp-block-image size-large\"><a href=\"http:\/\/www.aseibi.org.co\/wp-content\/uploads\/2022\/11\/DSC_0318-scaled.jpg\"><img loading=\"lazy\" decoding=\"async\" width=\"683\" height=\"1024\" src=\"http:\/\/www.aseibi.org.co\/wp-content\/uploads\/2022\/11\/DSC_0318-683x1024.jpg\" alt=\"\" class=\"wp-image-3369\" srcset=\"https:\/\/www.aseibi.org.co\/wp-content\/uploads\/2022\/11\/DSC_0318-683x1024.jpg 683w, https:\/\/www.aseibi.org.co\/wp-content\/uploads\/2022\/11\/DSC_0318-200x300.jpg 200w, https:\/\/www.aseibi.org.co\/wp-content\/uploads\/2022\/11\/DSC_0318-768x1152.jpg 768w, https:\/\/www.aseibi.org.co\/wp-content\/uploads\/2022\/11\/DSC_0318-1024x1536.jpg 1024w, https:\/\/www.aseibi.org.co\/wp-content\/uploads\/2022\/11\/DSC_0318-1365x2048.jpg 1365w, https:\/\/www.aseibi.org.co\/wp-content\/uploads\/2022\/11\/DSC_0318-scaled.jpg 1707w\" sizes=\"(max-width: 683px) 100vw, 683px\" \/><\/a><\/figure>\n\n\n\n<figure class=\"wp-block-image size-large\"><a href=\"http:\/\/www.aseibi.org.co\/wp-content\/uploads\/2022\/11\/DSC_0315-scaled.jpg\"><img loading=\"lazy\" decoding=\"async\" width=\"683\" height=\"1024\" src=\"http:\/\/www.aseibi.org.co\/wp-content\/uploads\/2022\/11\/DSC_0315-683x1024.jpg\" alt=\"\" class=\"wp-image-3370\" srcset=\"https:\/\/www.aseibi.org.co\/wp-content\/uploads\/2022\/11\/DSC_0315-683x1024.jpg 683w, https:\/\/www.aseibi.org.co\/wp-content\/uploads\/2022\/11\/DSC_0315-200x300.jpg 200w, https:\/\/www.aseibi.org.co\/wp-content\/uploads\/2022\/11\/DSC_0315-768x1152.jpg 768w, https:\/\/www.aseibi.org.co\/wp-content\/uploads\/2022\/11\/DSC_0315-1024x1536.jpg 1024w, https:\/\/www.aseibi.org.co\/wp-content\/uploads\/2022\/11\/DSC_0315-1365x2048.jpg 1365w, https:\/\/www.aseibi.org.co\/wp-content\/uploads\/2022\/11\/DSC_0315-scaled.jpg 1707w\" sizes=\"(max-width: 683px) 100vw, 683px\" \/><\/a><\/figure>\n\n\n\n<p class=\"has-text-align-center\"><strong>Resoluci\u00f3n No. 1 Por medio de la cual se concede el Permio Luis Flor\u00e9n Lozano a la Bibliotec\u00f3loga Claudia Mar\u00eda Giraldo Arredondo<\/strong><\/p>\n\n\n\n<div data-wp-interactive=\"core\/file\" class=\"wp-block-file\"><object data-wp-bind--hidden=\"!state.hasPdfPreview\"  class=\"wp-block-file__embed\" data=\"http:\/\/www.aseibi.org.co\/wp-content\/uploads\/2022\/11\/ASEIBI-RESOLUCION-1-DE-OCTUBRE-26-DE-2022-PLFL.docx-1.pdf\" type=\"application\/pdf\" style=\"width:100%;height:600px\" aria-label=\"Incrustado de Incrustado de ASEIBI-RESOLUCION-1-DE-OCTUBRE-26-DE-2022-PLFL.docx-1..\"><\/object><a id=\"wp-block-file--media-74649cd6-3afe-40a7-9861-695fad2176c8\" href=\"http:\/\/www.aseibi.org.co\/wp-content\/uploads\/2022\/11\/ASEIBI-RESOLUCION-1-DE-OCTUBRE-26-DE-2022-PLFL.docx-1.pdf\">ASEIBI-RESOLUCION-1-DE-OCTUBRE-26-DE-2022-PLFL.docx-1<\/a><a href=\"http:\/\/www.aseibi.org.co\/wp-content\/uploads\/2022\/11\/ASEIBI-RESOLUCION-1-DE-OCTUBRE-26-DE-2022-PLFL.docx-1.pdf\" class=\"wp-block-file__button\" download aria-describedby=\"wp-block-file--media-74649cd6-3afe-40a7-9861-695fad2176c8\">Descarga<\/a><\/div>\n\n\n\n<p><\/p>\n\n\n\n<p><\/p>\n\n\n\n<p class=\"has-text-align-center\"><strong><img loading=\"lazy\" decoding=\"async\" width=\"193\" height=\"79\" src=\"https:\/\/lh5.googleusercontent.com\/Pw8cXuP8pSAhCR7iPqDUy-GSlsWo0zKwdag6XY95SHQH5jYZA75a9M3JNBLj5KxbJ0z-xuHVLa4f0co1eO5TC6YFcp8i0cZOfs8UWQONUKZPkIZyPrBpx7vxYKoPHYc-yYGDWOf475GfjYExdDj0EfSFwnJ6h2AFp6OyxHTXlVltSw5oxug9u8Vv9eX5drYMP8A2HA\"><\/strong><\/p>\n\n\n\n<p class=\"has-text-align-center\">Asociaci\u00f3n de Egresados de la Escuela Interamericana de Bibliotecolog\u00eda<br>Universidad de Antioquia<br>NIT 890.984.806 -0<\/p>\n\n\n\n<p><strong>AMPLIACI\u00d3N DE LA CONVOCATORIA<\/strong><\/p>\n\n\n\n<figure class=\"wp-block-image size-large\"><a href=\"http:\/\/www.aseibi.org.co\/wp-content\/uploads\/2022\/09\/premio-LUIS-FLOREN-LOZANO.png\"><img decoding=\"async\" src=\"http:\/\/www.aseibi.org.co\/wp-content\/uploads\/2022\/09\/premio-LUIS-FLOREN-LOZANO-726x1024.png\" alt=\"\" class=\"wp-image-3359\"\/><\/a><\/figure>\n\n\n\n<p><strong>Medell\u00edn, 23 de septiembre de 2022<\/strong><\/p>\n\n\n\n<p><strong>Asunto<\/strong>: Ampliaci\u00f3n del calendario de la convocatoria \u201cPremio Luis Flor\u00e9n Lozano\u201d.<\/p>\n\n\n\n<p class=\"has-text-align-left\">El pasado 22 de agosto se public\u00f3 la convocatoria para postulaci\u00f3n de egresados al Premio Luis Flor\u00e9n Lozano, la cual estableci\u00f3 como la fecha l\u00edmite el 19 de septiembre; dado que es del inter\u00e9s de la ASOCIACI\u00d3N ampliar la cantidad de postulaciones a nuestro simb\u00f3lico reconocimiento, se informa a la comunidad acad\u00e9mica, de profesionales y a la comunidad en general la ampliaci\u00f3n del calendario de la siguiente manera:<\/p>\n\n\n\n<ul class=\"wp-block-list\"><li>Cierre de la convocatoria: octubre 3<\/li><li>Verificaci\u00f3n de requisitos: octubre 3- octubre 5<\/li><li>Evaluaci\u00f3n de m\u00e9ritos por el jurado: septiembre 5 \u2013 octubre 21<\/li><li>Reuni\u00f3n y fallo del jurado: octubre 22<\/li><li>Realizaci\u00f3n de la ceremonia de la entrega del Premio: octubre 26<\/li><\/ul>\n\n\n\n<p>Para mayor informaci\u00f3n y recepci\u00f3n de las postulaciones ponemos a su disposici\u00f3n el siguiente correo electr\u00f3nico <a href=\"mailto:asociacion@aseibi.org.co\">asociacion@aseibi.org.co<\/a>&nbsp;&nbsp;<\/p>\n\n\n\n<p>Cordialmente,<\/p>\n\n\n\n<p><strong>JUNTA DIRECTIVA&nbsp;<\/strong><\/p>\n\n\n\n<p>Asociaci\u00f3n de Egresados de la Escuela Interamericana de Bibliotecolog\u00eda &#8211; ASEIBI<\/p>\n\n\n\n<p><\/p>\n\n\n\n<hr class=\"wp-block-separator has-css-opacity\"\/>\n\n\n\n<figure class=\"wp-block-image size-large\"><a href=\"http:\/\/www.aseibi.org.co\/wp-content\/uploads\/2022\/09\/WhatsApp-Image-2022-09-25-at-8.15.44-PM.jpeg\"><img loading=\"lazy\" decoding=\"async\" width=\"727\" height=\"1024\" src=\"http:\/\/www.aseibi.org.co\/wp-content\/uploads\/2022\/09\/WhatsApp-Image-2022-09-25-at-8.15.44-PM-727x1024.jpeg\" alt=\"\" class=\"wp-image-3352\" srcset=\"https:\/\/www.aseibi.org.co\/wp-content\/uploads\/2022\/09\/WhatsApp-Image-2022-09-25-at-8.15.44-PM-727x1024.jpeg 727w, https:\/\/www.aseibi.org.co\/wp-content\/uploads\/2022\/09\/WhatsApp-Image-2022-09-25-at-8.15.44-PM-213x300.jpeg 213w, https:\/\/www.aseibi.org.co\/wp-content\/uploads\/2022\/09\/WhatsApp-Image-2022-09-25-at-8.15.44-PM-768x1082.jpeg 768w, https:\/\/www.aseibi.org.co\/wp-content\/uploads\/2022\/09\/WhatsApp-Image-2022-09-25-at-8.15.44-PM.jpeg 1080w\" sizes=\"(max-width: 727px) 100vw, 727px\" \/><\/a><\/figure>\n\n\n\n<p><\/p>\n\n\n\n<hr class=\"wp-block-separator has-css-opacity\"\/>\n ","protected":false},"excerpt":{"rendered":"<p>Revive los mejores momentos de la entrega del Premio Luis Flor\u00e9n Lozano 2022 Resoluci\u00f3n No. 1 Por medio de la cual se concede el Permio Luis Flor\u00e9n Lozano a la Bibliotec\u00f3loga Claudia Mar\u00eda Giraldo Arredondo Asociaci\u00f3n de Egresados de la Escuela Interamericana de Bibliotecolog\u00edaUniversidad de AntioquiaNIT 890.984.806 -0 AMPLIACI\u00d3N DE LA CONVOCATORIA Medell\u00edn, 23 de &#8230;<\/p>\n","protected":false},"author":1,"featured_media":3320,"parent":26,"menu_order":6,"comment_status":"open","ping_status":"closed","template":"","meta":{"footnotes":""},"class_list":["post-3351","page","type-page","status-publish","has-post-thumbnail","hentry"],"aioseo_notices":[],"_links":{"self":[{"href":"https:\/\/www.aseibi.org.co\/index.php?rest_route=\/wp\/v2\/pages\/3351"}],"collection":[{"href":"https:\/\/www.aseibi.org.co\/index.php?rest_route=\/wp\/v2\/pages"}],"about":[{"href":"https:\/\/www.aseibi.org.co\/index.php?rest_route=\/wp\/v2\/types\/page"}],"author":[{"embeddable":true,"href":"https:\/\/www.aseibi.org.co\/index.php?rest_route=\/wp\/v2\/users\/1"}],"replies":[{"embeddable":true,"href":"https:\/\/www.aseibi.org.co\/index.php?rest_route=%2Fwp%2Fv2%2Fcomments&post=3351"}],"version-history":[{"count":6,"href":"https:\/\/www.aseibi.org.co\/index.php?rest_route=\/wp\/v2\/pages\/3351\/revisions"}],"predecessor-version":[{"id":3371,"href":"https:\/\/www.aseibi.org.co\/index.php?rest_route=\/wp\/v2\/pages\/3351\/revisions\/3371"}],"up":[{"embeddable":true,"href":"https:\/\/www.aseibi.org.co\/index.php?rest_route=\/wp\/v2\/pages\/26"}],"wp:featuredmedia":[{"embeddable":true,"href":"https:\/\/www.aseibi.org.co\/index.php?rest_route=\/wp\/v2\/media\/3320"}],"wp:attachment":[{"href":"https:\/\/www.aseibi.org.co\/index.php?rest_route=%2Fwp%2Fv2%2Fmedia&parent=3351"}],"curies":[{"name":"wp","href":"https:\/\/api.w.org\/{rel}","templated":true}]}}