{"id":591,"date":"2010-06-21T13:39:57","date_gmt":"2010-06-21T18:39:57","guid":{"rendered":"http:\/\/aseibi.org.co\/?page_id=591"},"modified":"2022-09-11T18:46:20","modified_gmt":"2022-09-11T23:46:20","slug":"junta-directiva-2012-2014","status":"publish","type":"page","link":"https:\/\/www.aseibi.org.co\/?page_id=591","title":{"rendered":"Junta Directiva  2012-2014"},"content":{"rendered":"<h5 style=\"text-align: center;\"><span style=\"color: #008000;\">ASEIBI<br \/>\nAsociaci\u00f3n de Egresados de la Escuela Interamericana de Bibliotecolog\u00eda &#8211; Universidad de Antioquia.<\/span><\/h5>\n<h5 style=\"text-align: center;\"><span style=\"color: #008000;\"><strong>COMPOSICI\u00d3N DE LA JUNTA DIRECTIVA 2012-2014<\/strong><\/span><\/h5>\n<h5 style=\"text-align: center;\"><span style=\"color: #008000;\"><strong>\u00c1lvaro Osorio Tuberquia<\/strong><\/span><\/h5>\n<h5 style=\"text-align: center;\"><span style=\"color: #008000;\">Presidente<\/span><\/h5>\n<h5 style=\"text-align: center;\"><span style=\"color: #008000;\"><strong>Luz Adriana Osorno Quintero<\/strong><\/span><\/h5>\n<h5 style=\"text-align: center;\"><span style=\"color: #008000;\">Vicepresidente<\/span><\/h5>\n<h5 style=\"text-align: center;\"><span style=\"color: #008000;\"><strong>\u00c1ngela Mar\u00eda S\u00e1nchez Restrepo<\/strong><\/span><\/h5>\n<h5 style=\"text-align: center;\"><span style=\"color: #008000;\">Secretario<\/span><\/h5>\n<h5 style=\"text-align: center;\"><span style=\"color: #008000;\"><strong>Mar\u00eda Otilia Sierra Bedoya<\/strong><\/span><\/h5>\n<h5 style=\"text-align: center;\"><span style=\"color: #008000;\">Tesorera<\/span><\/h5>\n<h5 style=\"text-align: center;\"><span style=\"color: #008000;\"><strong>Luz Mariela Arcila Garc\u00e9s <\/strong><\/span><\/h5>\n<h5 style=\"text-align: center;\"><span style=\"color: #008000;\">Vocal<\/span><\/h5>\n<h5 style=\"text-align: center;\"><span style=\"color: #008000;\"><strong>Blanca Cecilia Castrill\u00f3n G\u00f3mez<\/strong><\/span><\/h5>\n<h5 style=\"text-align: center;\"><span style=\"color: #008000;\">Vocal<br \/>\n<\/span><\/h5>\n<h5 style=\"text-align: center;\"><span style=\"color: #008000;\"><strong>Mar\u00eda Norma Lopera L\u00f3pez <\/strong><\/span><\/h5>\n<h5 style=\"text-align: center;\"><span style=\"color: #008000;\">Vocal<br \/>\n<\/span><\/h5>\n<h5 style=\"text-align: center;\"><span style=\"color: #008000;\"><strong>Carlos Arturo Montoya Correa<\/strong><\/span><\/h5>\n<h5 style=\"text-align: center;\"><span style=\"color: #008000;\"> Vocal<\/span><\/h5>\n<h5 style=\"text-align: center;\"><span style=\"color: #008000;\"><strong>Seneida Vel\u00e1squez<\/strong><\/span><\/h5>\n<h5 style=\"text-align: center;\"><span style=\"color: #339966;\">Vocal<br \/>\n<\/span><\/h5>\n<h5 style=\"text-align: center;\"><span style=\"color: #008000;\"><strong>COMPOSICI\u00d3N DE LAS COMISIONES 2012-2014<\/strong><\/span><\/h5>\n<h5 style=\"text-align: center;\"><span style=\"color: #008000;\"><strong>Comisi\u00f3n Social y Cultural<\/strong><\/span><\/h5>\n<h5 style=\"text-align: center;\"><span style=\"color: #008000;\">Mar\u00eda Norma Lopera L\u00f3pez<\/span><\/h5>\n<h5 style=\"text-align: center;\"><span style=\"color: #008000;\"><strong>Comisi\u00f3n de Comunicaciones<\/strong><\/span><\/h5>\n<h5 style=\"text-align: center;\"><span style=\"color: #008000;\">Seneida Vel\u00e1squez<\/span><\/h5>\n<h5 style=\"text-align: center;\"><span style=\"color: #008000;\">Alvaro Osorio Tuberquia<\/span><\/h5>\n<h5 style=\"text-align: center;\"><span style=\"color: #008000;\"><strong>Comisi\u00f3n Acad\u00e9mica<\/strong><\/span><\/h5>\n<h5 style=\"text-align: center;\"><span style=\"color: #339966;\">Blanca Cecilia Castrill\u00f3n G\u00f3mez<\/span><\/h5>\n<h5 style=\"text-align: center;\"><span style=\"color: #008000;\"><strong>Comisi\u00f3n Financiera<\/strong><\/span><\/h5>\n<h5 style=\"text-align: center;\"><span style=\"color: #339966;\">Mar\u00eda Otilia Sierra Bedoya<\/span><\/h5>\n<h5 style=\"text-align: center;\"><span style=\"color: #008000;\">Alvaro Osorio Tuberquia<\/span><\/h5>\n<h5>&nbsp;<\/h5>\n<h5 style=\"text-align: center;\"><span style=\"color: #888888;\"><strong>ASEIBI<\/strong><\/span><\/h5>\n<h5 style=\"text-align: center;\"><span style=\"color: #888888;\"><strong>Asociaci\u00f3n de Egresados de la Escuela Interamericana de Bibliotecolog\u00eda &#8211; Universidad de Antioquia.<\/strong><\/span><\/h5>\n<h5 style=\"text-align: center;\"><span style=\"color: #888888;\"><strong>Pasaje comercial Astoria, edificio Tequendama- carrera 49 n\u00b0 52 &#8211; 61 oficina 704<\/strong><\/span><\/h5>\n<h5 style=\"text-align: center;\"><span style=\"color: #888888;\"><strong>Telefax: 57 4 251 21 16 Medell\u00edn &#8211; Colombia<\/strong><\/span><\/h5>\n<h5 style=\"text-align: center;\">&nbsp;<\/h5>\n ","protected":false},"excerpt":{"rendered":"<p>ASEIBI Asociaci\u00f3n de Egresados de la Escuela Interamericana de Bibliotecolog\u00eda &#8211; Universidad de Antioquia. COMPOSICI\u00d3N DE LA JUNTA DIRECTIVA 2012-2014 \u00c1lvaro Osorio Tuberquia Presidente Luz Adriana Osorno Quintero Vicepresidente \u00c1ngela Mar\u00eda S\u00e1nchez Restrepo Secretario Mar\u00eda Otilia Sierra Bedoya Tesorera Luz Mariela Arcila Garc\u00e9s Vocal Blanca Cecilia Castrill\u00f3n G\u00f3mez Vocal Mar\u00eda Norma Lopera L\u00f3pez Vocal Carlos &#8230;<\/p>\n","protected":false},"author":1,"featured_media":3326,"parent":2112,"menu_order":1,"comment_status":"open","ping_status":"closed","template":"","meta":{"footnotes":""},"class_list":["post-591","page","type-page","status-publish","has-post-thumbnail","hentry"],"aioseo_notices":[],"_links":{"self":[{"href":"https:\/\/www.aseibi.org.co\/index.php?rest_route=\/wp\/v2\/pages\/591"}],"collection":[{"href":"https:\/\/www.aseibi.org.co\/index.php?rest_route=\/wp\/v2\/pages"}],"about":[{"href":"https:\/\/www.aseibi.org.co\/index.php?rest_route=\/wp\/v2\/types\/page"}],"author":[{"embeddable":true,"href":"https:\/\/www.aseibi.org.co\/index.php?rest_route=\/wp\/v2\/users\/1"}],"replies":[{"embeddable":true,"href":"https:\/\/www.aseibi.org.co\/index.php?rest_route=%2Fwp%2Fv2%2Fcomments&post=591"}],"version-history":[{"count":8,"href":"https:\/\/www.aseibi.org.co\/index.php?rest_route=\/wp\/v2\/pages\/591\/revisions"}],"predecessor-version":[{"id":2092,"href":"https:\/\/www.aseibi.org.co\/index.php?rest_route=\/wp\/v2\/pages\/591\/revisions\/2092"}],"up":[{"embeddable":true,"href":"https:\/\/www.aseibi.org.co\/index.php?rest_route=\/wp\/v2\/pages\/2112"}],"wp:featuredmedia":[{"embeddable":true,"href":"https:\/\/www.aseibi.org.co\/index.php?rest_route=\/wp\/v2\/media\/3326"}],"wp:attachment":[{"href":"https:\/\/www.aseibi.org.co\/index.php?rest_route=%2Fwp%2Fv2%2Fmedia&parent=591"}],"curies":[{"name":"wp","href":"https:\/\/api.w.org\/{rel}","templated":true}]}}